{"id":9423,"date":"2018-06-12T14:53:05","date_gmt":"2018-06-12T12:53:05","guid":{"rendered":"https:\/\/ebf-cz.com\/was-sie-uns-oft-fragen\/"},"modified":"2023-08-07T20:31:26","modified_gmt":"2023-08-07T18:31:26","slug":"was-sie-uns-oft-fragen","status":"publish","type":"page","link":"https:\/\/ebf-cz.com\/de\/was-sie-uns-oft-fragen\/","title":{"rendered":"Was Sie uns oft fragen"},"content":{"rendered":"<div id=\"pl-9423\"  class=\"panel-layout\" ><div id=\"pg-9423-0\"  class=\"panel-grid panel-no-style\" ><div id=\"pgc-9423-0-0\"  class=\"panel-grid-cell\" ><div id=\"panel-9423-0-0-0\" class=\"so-panel widget widget_sow-accordion panel-first-child panel-last-child\" data-index=\"0\" ><div\n\t\t\t\n\t\t\tclass=\"so-widget-sow-accordion so-widget-sow-accordion-default-d28f5afd6a2f-9423\"\n\t\t\t\n\t\t><div>\n\t<div class=\"sow-accordion\">\n\t\t\t<div class=\"sow-accordion-panel\n\t\t\t\t\"\n\t\t\tdata-anchor-id=\"wie-sieht-es-mit-der-lieferfrist-aus\">\n\t\t\t\t<div class=\"sow-accordion-panel-header-container\" role=\"heading\" aria-level=\"2\">\n\t\t\t\t\t<div class=\"sow-accordion-panel-header\" tabindex=\"0\" role=\"button\" id=\"accordion-label-wie-sieht-es-mit-der-lieferfrist-aus\" aria-controls=\"accordion-content-wie-sieht-es-mit-der-lieferfrist-aus\" aria-expanded=\"false\">\n\t\t\t\t\t\t<div class=\"sow-accordion-title sow-accordion-title-icon-left\">\n\t\t\t\t\t\t\t\t\t\t\t\t\t\tWie sieht es mit der Lieferfrist aus?\t\t\t\t\t\t\t\t\t\t\t\t\t<\/div>\n\t\t\t\t\t\t<div class=\"sow-accordion-open-close-button\">\n\t\t\t\t\t\t\t<div class=\"sow-accordion-open-button\">\n\t\t\t\t\t\t\t\t<span class=\"sow-icon-ionicons\" data-sow-icon=\"&#xf218;\"\n\t\t \n\t\taria-hidden=\"true\"><\/span>\t\t\t\t\t\t\t<\/div>\n\t\t\t\t\t\t\t<div class=\"sow-accordion-close-button\">\n\t\t\t\t\t\t\t\t<span class=\"sow-icon-ionicons\" data-sow-icon=\"&#xf209;\"\n\t\t \n\t\taria-hidden=\"true\"><\/span>\t\t\t\t\t\t\t<\/div>\n\t\t\t\t\t\t<\/div>\n\t\t\t\t\t<\/div>\n\t\t\t\t<\/div>\n\n\t\t\t<div\n\t\t\t\tclass=\"sow-accordion-panel-content\"\n\t\t\t\trole=\"region\"\n\t\t\t\taria-labelledby=\"accordion-label-wie-sieht-es-mit-der-lieferfrist-aus\"\n\t\t\t\tid=\"accordion-content-wie-sieht-es-mit-der-lieferfrist-aus\"\n\t\t\t\tstyle=\"display: none;\"\t\t\t>\n\t\t\t\t<div class=\"sow-accordion-panel-border\">\n\t\t\t\t\t<p>Das ist abh\u00e4ngig von der Art des Produkts, das Sie verlangen. Wir versuchen zum Beispiel, die meisten Ersatzteile (Schneiden und dergleichen) vorr\u00e4tig zu halten und wir sind in der Lage, sie sofort zu versenden. Bei komplexeren Produktionen ist die Lieferung wirklich individuell und muss pers\u00f6nlich mit unserem Verk\u00e4ufer besprochen werden.<\/p>\n\t\t\t\t<\/div>\n\t\t\t<\/div>\n\t\t<\/div>\n\t\t\t<div class=\"sow-accordion-panel\n\t\t\t\t\"\n\t\t\tdata-anchor-id=\"wie-verlaeuft-der-transport-der-produkte\">\n\t\t\t\t<div class=\"sow-accordion-panel-header-container\" role=\"heading\" aria-level=\"2\">\n\t\t\t\t\t<div class=\"sow-accordion-panel-header\" tabindex=\"0\" role=\"button\" id=\"accordion-label-wie-verl%c3%a4uft-der-transport-der-produkte\" aria-controls=\"accordion-content-wie-verl%c3%a4uft-der-transport-der-produkte\" aria-expanded=\"false\">\n\t\t\t\t\t\t<div class=\"sow-accordion-title sow-accordion-title-icon-left\">\n\t\t\t\t\t\t\t\t\t\t\t\t\t\tWie verl\u00e4uft der Transport der Produkte?\t\t\t\t\t\t\t\t\t\t\t\t\t<\/div>\n\t\t\t\t\t\t<div class=\"sow-accordion-open-close-button\">\n\t\t\t\t\t\t\t<div class=\"sow-accordion-open-button\">\n\t\t\t\t\t\t\t\t<span class=\"sow-icon-ionicons\" data-sow-icon=\"&#xf218;\"\n\t\t \n\t\taria-hidden=\"true\"><\/span>\t\t\t\t\t\t\t<\/div>\n\t\t\t\t\t\t\t<div class=\"sow-accordion-close-button\">\n\t\t\t\t\t\t\t\t<span class=\"sow-icon-ionicons\" data-sow-icon=\"&#xf209;\"\n\t\t \n\t\taria-hidden=\"true\"><\/span>\t\t\t\t\t\t\t<\/div>\n\t\t\t\t\t\t<\/div>\n\t\t\t\t\t<\/div>\n\t\t\t\t<\/div>\n\n\t\t\t<div\n\t\t\t\tclass=\"sow-accordion-panel-content\"\n\t\t\t\trole=\"region\"\n\t\t\t\taria-labelledby=\"accordion-label-wie-verl%c3%a4uft-der-transport-der-produkte\"\n\t\t\t\tid=\"accordion-content-wie-verl%c3%a4uft-der-transport-der-produkte\"\n\t\t\t\tstyle=\"display: none;\"\t\t\t>\n\t\t\t\t<div class=\"sow-accordion-panel-border\">\n\t\t\t\t\t<p>Wenn Sie sich entscheiden, den Transport selbst zu \u00fcbernehmen, k\u00f6nnen die fertigen Produkte in unserem Werk Lavi\u010dky 139 bei Velk\u00e9 Mezi\u0159\u00ed\u010d\u00ed abgeholt werden. In anderen F\u00e4llen arbeiten wir mit lokalen Spediteuren zusammen, oder wir versenden die Waren mit traditionellen Versanddiensten (Toptrans, DHL, Geis).<\/p>\n\t\t\t\t<\/div>\n\t\t\t<\/div>\n\t\t<\/div>\n\t\t\t<div class=\"sow-accordion-panel\n\t\t\t\t\"\n\t\t\tdata-anchor-id=\"was-wird-durch-die-garantie-abgedeckt\">\n\t\t\t\t<div class=\"sow-accordion-panel-header-container\" role=\"heading\" aria-level=\"2\">\n\t\t\t\t\t<div class=\"sow-accordion-panel-header\" tabindex=\"0\" role=\"button\" id=\"accordion-label-was-wird-durch-die-garantie-abgedeckt\" aria-controls=\"accordion-content-was-wird-durch-die-garantie-abgedeckt\" aria-expanded=\"false\">\n\t\t\t\t\t\t<div class=\"sow-accordion-title sow-accordion-title-icon-left\">\n\t\t\t\t\t\t\t\t\t\t\t\t\t\tWas wird durch die Garantie abgedeckt?\t\t\t\t\t\t\t\t\t\t\t\t\t<\/div>\n\t\t\t\t\t\t<div class=\"sow-accordion-open-close-button\">\n\t\t\t\t\t\t\t<div class=\"sow-accordion-open-button\">\n\t\t\t\t\t\t\t\t<span class=\"sow-icon-ionicons\" data-sow-icon=\"&#xf218;\"\n\t\t \n\t\taria-hidden=\"true\"><\/span>\t\t\t\t\t\t\t<\/div>\n\t\t\t\t\t\t\t<div class=\"sow-accordion-close-button\">\n\t\t\t\t\t\t\t\t<span class=\"sow-icon-ionicons\" data-sow-icon=\"&#xf209;\"\n\t\t \n\t\taria-hidden=\"true\"><\/span>\t\t\t\t\t\t\t<\/div>\n\t\t\t\t\t\t<\/div>\n\t\t\t\t\t<\/div>\n\t\t\t\t<\/div>\n\n\t\t\t<div\n\t\t\t\tclass=\"sow-accordion-panel-content\"\n\t\t\t\trole=\"region\"\n\t\t\t\taria-labelledby=\"accordion-label-was-wird-durch-die-garantie-abgedeckt\"\n\t\t\t\tid=\"accordion-content-was-wird-durch-die-garantie-abgedeckt\"\n\t\t\t\tstyle=\"display: none;\"\t\t\t>\n\t\t\t\t<div class=\"sow-accordion-panel-border\">\n\t\t\t\t\t<p>Auf unsere Produkte gew\u00e4hren wir eine Garantie von 12 Monaten, auf Hydraulikteile von 6 Monaten. F\u00fcr Verschlei\u00dfteile gibt es eine individuelle Garantie, bitte kontaktieren Sie uns f\u00fcr weitere Informationen. F\u00fcr die Erf\u00fcllung der Garantie k\u00f6nnen wir auf eine fotografische Dokumentation nicht verzichten.<\/p>\n\t\t\t\t<\/div>\n\t\t\t<\/div>\n\t\t<\/div>\n\t\t<\/div>\n<\/div>\n<\/div><\/div><\/div><\/div><\/div>","protected":false},"excerpt":{"rendered":"<p>Wie sieht es mit der Lieferfrist aus? Das ist abh\u00e4ngig von der Art des Produkts, das Sie verlangen. Wir versuchen zum Beispiel, die meisten Ersatzteile (Schneiden und dergleichen) vorr\u00e4tig zu halten und wir sind in der Lage, sie sofort zu versenden. Bei komplexeren Produktionen ist die Lieferung wirklich individuell und muss pers\u00f6nlich mit unserem Verk\u00e4ufer [&hellip;]<\/p>\n","protected":false},"author":1,"featured_media":0,"parent":0,"menu_order":0,"comment_status":"closed","ping_status":"closed","template":"page-right-sidebar.php","meta":{"_acf_changed":false,"footnotes":""},"class_list":["post-9423","page","type-page","status-publish","hentry"],"acf":[],"_links":{"self":[{"href":"https:\/\/ebf-cz.com\/de\/wp-json\/wp\/v2\/pages\/9423","targetHints":{"allow":["GET"]}}],"collection":[{"href":"https:\/\/ebf-cz.com\/de\/wp-json\/wp\/v2\/pages"}],"about":[{"href":"https:\/\/ebf-cz.com\/de\/wp-json\/wp\/v2\/types\/page"}],"author":[{"embeddable":true,"href":"https:\/\/ebf-cz.com\/de\/wp-json\/wp\/v2\/users\/1"}],"replies":[{"embeddable":true,"href":"https:\/\/ebf-cz.com\/de\/wp-json\/wp\/v2\/comments?post=9423"}],"version-history":[{"count":1,"href":"https:\/\/ebf-cz.com\/de\/wp-json\/wp\/v2\/pages\/9423\/revisions"}],"predecessor-version":[{"id":9434,"href":"https:\/\/ebf-cz.com\/de\/wp-json\/wp\/v2\/pages\/9423\/revisions\/9434"}],"wp:attachment":[{"href":"https:\/\/ebf-cz.com\/de\/wp-json\/wp\/v2\/media?parent=9423"}],"curies":[{"name":"wp","href":"https:\/\/api.w.org\/{rel}","templated":true}]}}