{"id":9424,"date":"2018-06-12T14:52:51","date_gmt":"2018-06-12T12:52:51","guid":{"rendered":"https:\/\/ebf-cz.com\/dienstleistungen-entwicklung-und-reparatur-von-zusatzgeraeten\/"},"modified":"2023-08-07T20:28:31","modified_gmt":"2023-08-07T18:28:31","slug":"dienstleistungen-entwicklung-und-reparatur-von-zusatzgeraeten","status":"publish","type":"page","link":"https:\/\/ebf-cz.com\/de\/dienstleistungen-entwicklung-und-reparatur-von-zusatzgeraeten\/","title":{"rendered":"Dienstleistungen &#8211; Entwicklung und Reparaturen von Zusatzger\u00e4ten"},"content":{"rendered":"<h2>Entwicklung von Zusatzger\u00e4ten nach Kundenwunsch<\/h2>\n<p>Sollte Ihnen die technische Standardl\u00f6sung eines Zusatzger\u00e4tes nicht ausreichen, entwirft unser Konstrukteur eine L\u00f6sung speziell f\u00fcr Ihre Bed\u00fcrfnisse. Setzen Sie sich mit uns in Verbindung, unser Konstrukteur wird Sie besuchen und die optimale L\u00f6sung f\u00fcr Ihr Problem vorschlagen.<\/p>\n<h2>Reparaturen von Zusatzger\u00e4ten<\/h2>\n<p>Wir f\u00fchren Reparaturen und Renovierungen von Zusatzger\u00e4ten nach Kundenwunsch durch. Dazu geh\u00f6ren der Austausch von Zinken, Schneiden, Pflugscharen, Wannen, Scharnieren usw. Wir f\u00fchren Reparaturen von Zubeh\u00f6r, \u00c4nderungen an der Anh\u00e4ngevorrichtung oder Werkzeugservice durch.<\/p>\n<h2>Brennen<\/h2>\n<p>Unter unseren Bedingungen sind wir in der Lage, Stahlbleche bis zu einer Gr\u00f6\u00dfe von 4&nbsp;000-2&nbsp;000 mm mit einer Blechdicke von 4-120 mm zu brennen.<\/p>\n<h2>Schwei\u00dfen und Bearbeitung<\/h2>\n<p>Bitte kontaktieren Sie uns auch, wenn Sie an Schwei\u00df- oder Bearbeitungsarbeiten an Ihren Produkten interessiert sind. Unser Personal ist entsprechend geschult und verf\u00fcgt \u00fcber die erforderlichen staatlichen Lizenzen.<\/p>\n","protected":false},"excerpt":{"rendered":"<p>Entwicklung von Zusatzger\u00e4ten nach Kundenwunsch Sollte Ihnen die technische Standardl\u00f6sung eines Zusatzger\u00e4tes nicht ausreichen, entwirft unser Konstrukteur eine L\u00f6sung speziell f\u00fcr Ihre Bed\u00fcrfnisse. Setzen Sie sich mit uns in Verbindung, unser Konstrukteur wird Sie besuchen und die optimale L\u00f6sung f\u00fcr Ihr Problem vorschlagen. Reparaturen von Zusatzger\u00e4ten Wir f\u00fchren Reparaturen und Renovierungen von Zusatzger\u00e4ten nach Kundenwunsch [&hellip;]<\/p>\n","protected":false},"author":1,"featured_media":0,"parent":0,"menu_order":0,"comment_status":"closed","ping_status":"closed","template":"page-with-bottom-posts.php","meta":{"_acf_changed":false,"footnotes":""},"class_list":["post-9424","page","type-page","status-publish","hentry"],"acf":[],"_links":{"self":[{"href":"https:\/\/ebf-cz.com\/de\/wp-json\/wp\/v2\/pages\/9424","targetHints":{"allow":["GET"]}}],"collection":[{"href":"https:\/\/ebf-cz.com\/de\/wp-json\/wp\/v2\/pages"}],"about":[{"href":"https:\/\/ebf-cz.com\/de\/wp-json\/wp\/v2\/types\/page"}],"author":[{"embeddable":true,"href":"https:\/\/ebf-cz.com\/de\/wp-json\/wp\/v2\/users\/1"}],"replies":[{"embeddable":true,"href":"https:\/\/ebf-cz.com\/de\/wp-json\/wp\/v2\/comments?post=9424"}],"version-history":[{"count":3,"href":"https:\/\/ebf-cz.com\/de\/wp-json\/wp\/v2\/pages\/9424\/revisions"}],"predecessor-version":[{"id":17273,"href":"https:\/\/ebf-cz.com\/de\/wp-json\/wp\/v2\/pages\/9424\/revisions\/17273"}],"wp:attachment":[{"href":"https:\/\/ebf-cz.com\/de\/wp-json\/wp\/v2\/media?parent=9424"}],"curies":[{"name":"wp","href":"https:\/\/api.w.org\/{rel}","templated":true}]}}