{"id":9448,"date":"2020-07-17T16:15:22","date_gmt":"2020-07-17T14:15:22","guid":{"rendered":"https:\/\/ebf-cz.com\/vorraetige-produkte\/"},"modified":"2023-10-11T09:56:33","modified_gmt":"2023-10-11T07:56:33","slug":"vorraetige-produkte","status":"publish","type":"page","link":"https:\/\/ebf-cz.com\/de\/vorraetige-produkte\/","title":{"rendered":"Vorr\u00e4tige Produkte"},"content":{"rendered":"<div id=\"pl-9448\"  class=\"panel-layout\" ><div id=\"pg-9448-0\"  class=\"panel-grid panel-no-style\" ><div id=\"pgc-9448-0-0\"  class=\"panel-grid-cell\" ><div id=\"panel-9448-0-0-0\" class=\"so-panel widget widget_sow-editor panel-first-child panel-last-child\" data-index=\"0\" ><div\n\t\t\t\n\t\t\tclass=\"so-widget-sow-editor so-widget-sow-editor-base\"\n\t\t\t\n\t\t>\n<div class=\"siteorigin-widget-tinymce textwidget\">\n\t<p>Die Liste der Zubeh\u00f6rteile, die wir zur sofortigen Abnahme vorr\u00e4tig haben. Bitte kontaktieren Sie uns f\u00fcr besondere W\u00fcnsche.<\/p>\n<\/div>\n<\/div><\/div><\/div><\/div><div id=\"pg-9448-1\"  class=\"panel-grid panel-no-style\" ><div id=\"pgc-9448-1-0\"  class=\"panel-grid-cell\" ><div id=\"panel-9448-1-0-0\" class=\"so-panel widget widget_sow-headline panel-first-child\" data-index=\"1\" ><div\n\t\t\t\n\t\t\tclass=\"so-widget-sow-headline so-widget-sow-headline-default-be10f30b3f41-9448\"\n\t\t\t\n\t\t><div class=\"sow-headline-container \">\n\t\t\t\t\t\t\t<h2 class=\"sow-headline\">\n\t\t\t\t\t\tSchaufel mit Halter PELIK\u00c1N \t\t\t\t\t\t<\/h2>\n\t\t\t\t\t\t\t\t\t\t\t<div class=\"decoration\">\n\t\t\t\t\t\t<div class=\"decoration-inside\"><\/div>\n\t\t\t\t\t<\/div>\n\t\t\t\t\t<\/div>\n<\/div><\/div><div id=\"panel-9448-1-0-1\" class=\"so-panel widget widget_sow-editor panel-last-child\" data-index=\"2\" ><div\n\t\t\t\n\t\t\tclass=\"so-widget-sow-editor so-widget-sow-editor-base\"\n\t\t\t\n\t\t>\n<div class=\"siteorigin-widget-tinymce textwidget\">\n\t<p>Verst\u00e4rkte Schaufel mit 1.600 mm breitem Halter und Aufh\u00e4ngung ZM2. Geschraubte Unterschneide mit beidseitiger Fase. Speziell verst\u00e4rkte Hydraulikzylinder und Halter.<\/p>\n<p><img loading=\"lazy\" decoding=\"async\" class=\"size-medium wp-image-1218 alignleft\" src=\"https:\/\/ebf-cz.com\/wp-content\/uploads\/2021\/05\/IMG_20200930_155321-300x225.jpg\" alt=\"\" width=\"300\" height=\"225\" srcset=\"https:\/\/ebf-cz.com\/wp-content\/uploads\/2021\/05\/IMG_20200930_155321-300x225.jpg 300w, https:\/\/ebf-cz.com\/wp-content\/uploads\/2021\/05\/IMG_20200930_155321-150x113.jpg 150w, https:\/\/ebf-cz.com\/wp-content\/uploads\/2021\/05\/IMG_20200930_155321-768x576.jpg 768w, https:\/\/ebf-cz.com\/wp-content\/uploads\/2021\/05\/IMG_20200930_155321-1024x768.jpg 1024w, https:\/\/ebf-cz.com\/wp-content\/uploads\/2021\/05\/IMG_20200930_155321-560x420.jpg 560w, https:\/\/ebf-cz.com\/wp-content\/uploads\/2021\/05\/IMG_20200930_155321-330x248.jpg 330w, https:\/\/ebf-cz.com\/wp-content\/uploads\/2021\/05\/IMG_20200930_155321-120x90.jpg 120w, https:\/\/ebf-cz.com\/wp-content\/uploads\/2021\/05\/IMG_20200930_155321.jpg 1280w\" sizes=\"auto, (max-width: 300px) 100vw, 300px\" \/> <img loading=\"lazy\" decoding=\"async\" class=\"size-medium wp-image-1219 alignleft\" src=\"https:\/\/ebf-cz.com\/wp-content\/uploads\/2021\/05\/IMG_20200930_155334-300x225.jpg\" alt=\"\" width=\"300\" height=\"225\" srcset=\"https:\/\/ebf-cz.com\/wp-content\/uploads\/2021\/05\/IMG_20200930_155334-300x225.jpg 300w, https:\/\/ebf-cz.com\/wp-content\/uploads\/2021\/05\/IMG_20200930_155334-150x113.jpg 150w, https:\/\/ebf-cz.com\/wp-content\/uploads\/2021\/05\/IMG_20200930_155334-768x576.jpg 768w, https:\/\/ebf-cz.com\/wp-content\/uploads\/2021\/05\/IMG_20200930_155334-1024x768.jpg 1024w, https:\/\/ebf-cz.com\/wp-content\/uploads\/2021\/05\/IMG_20200930_155334-560x420.jpg 560w, https:\/\/ebf-cz.com\/wp-content\/uploads\/2021\/05\/IMG_20200930_155334-330x248.jpg 330w, https:\/\/ebf-cz.com\/wp-content\/uploads\/2021\/05\/IMG_20200930_155334-120x90.jpg 120w, https:\/\/ebf-cz.com\/wp-content\/uploads\/2021\/05\/IMG_20200930_155334.jpg 1280w\" sizes=\"auto, (max-width: 300px) 100vw, 300px\" \/><\/p>\n<p>&nbsp;<\/p>\n<\/div>\n<\/div><\/div><\/div><\/div><div id=\"pg-9448-2\"  class=\"panel-grid panel-no-style\" ><div id=\"pgc-9448-2-0\"  class=\"panel-grid-cell\" ><div id=\"panel-9448-2-0-0\" class=\"so-panel widget widget_sow-headline panel-first-child\" data-index=\"3\" ><div\n\t\t\t\n\t\t\tclass=\"so-widget-sow-headline so-widget-sow-headline-default-be10f30b3f41-9448\"\n\t\t\t\n\t\t><div class=\"sow-headline-container \">\n\t\t\t\t\t\t\t<h2 class=\"sow-headline\">\n\t\t\t\t\t\tSchaufel HD mit Aufh\u00e4ngung Volvo\t\t\t\t\t\t<\/h2>\n\t\t\t\t\t\t\t\t\t\t\t<div class=\"decoration\">\n\t\t\t\t\t\t<div class=\"decoration-inside\"><\/div>\n\t\t\t\t\t<\/div>\n\t\t\t\t\t<\/div>\n<\/div><\/div><div id=\"panel-9448-2-0-1\" class=\"so-panel widget widget_sow-editor panel-last-child\" data-index=\"4\" ><div\n\t\t\t\n\t\t\tclass=\"so-widget-sow-editor so-widget-sow-editor-base\"\n\t\t\t\n\t\t>\n<div class=\"siteorigin-widget-tinymce textwidget\">\n\t<p>Die Schaufel hat eine Breite von 3.000 mm und ein Volumen von 4,2<sup>m3<\/sup>. Die Schaufel wurde etwa einen Monat lang f\u00fcr die Verladung leichter Materialien verwendet.<\/p>\n<p><a href=\"https:\/\/ebf-cz.com\/wp-content\/uploads\/2020\/10\/Lopata-HD-na-volvo-001.jpg\" rel=\"lightbox\" data-rel=\"lightbox-image-0\" data-rl_title=\"\" data-rl_caption=\"\" title=\"\"><img loading=\"lazy\" decoding=\"async\" class=\"alignleft wp-image-1061 size-medium\" src=\"https:\/\/ebf-cz.com\/wp-content\/uploads\/2020\/10\/Lopata-HD-na-volvo-001-300x291.jpg\" alt=\"\" width=\"300\" height=\"291\" srcset=\"https:\/\/ebf-cz.com\/wp-content\/uploads\/2020\/10\/Lopata-HD-na-volvo-001-300x291.jpg 300w, https:\/\/ebf-cz.com\/wp-content\/uploads\/2020\/10\/Lopata-HD-na-volvo-001-150x145.jpg 150w, https:\/\/ebf-cz.com\/wp-content\/uploads\/2020\/10\/Lopata-HD-na-volvo-001-768x744.jpg 768w, https:\/\/ebf-cz.com\/wp-content\/uploads\/2020\/10\/Lopata-HD-na-volvo-001-1024x992.jpg 1024w, https:\/\/ebf-cz.com\/wp-content\/uploads\/2020\/10\/Lopata-HD-na-volvo-001-433x420.jpg 433w, https:\/\/ebf-cz.com\/wp-content\/uploads\/2020\/10\/Lopata-HD-na-volvo-001-330x320.jpg 330w, https:\/\/ebf-cz.com\/wp-content\/uploads\/2020\/10\/Lopata-HD-na-volvo-001-120x116.jpg 120w, https:\/\/ebf-cz.com\/wp-content\/uploads\/2020\/10\/Lopata-HD-na-volvo-001.jpg 1135w\" sizes=\"auto, (max-width: 300px) 100vw, 300px\" \/><\/a> <a href=\"https:\/\/ebf-cz.com\/wp-content\/uploads\/2020\/10\/Lopata-HD-na-volvo-002.jpg\" rel=\"lightbox\" data-rel=\"lightbox-image-1\" data-rl_title=\"\" data-rl_caption=\"\" title=\"\"><img loading=\"lazy\" decoding=\"async\" class=\"alignleft wp-image-1062 size-medium\" src=\"https:\/\/ebf-cz.com\/wp-content\/uploads\/2020\/10\/Lopata-HD-na-volvo-002-225x300.jpg\" alt=\"\" width=\"225\" height=\"300\" srcset=\"https:\/\/ebf-cz.com\/wp-content\/uploads\/2020\/10\/Lopata-HD-na-volvo-002-225x300.jpg 225w, https:\/\/ebf-cz.com\/wp-content\/uploads\/2020\/10\/Lopata-HD-na-volvo-002-113x150.jpg 113w, https:\/\/ebf-cz.com\/wp-content\/uploads\/2020\/10\/Lopata-HD-na-volvo-002-768x1024.jpg 768w, https:\/\/ebf-cz.com\/wp-content\/uploads\/2020\/10\/Lopata-HD-na-volvo-002-315x420.jpg 315w, https:\/\/ebf-cz.com\/wp-content\/uploads\/2020\/10\/Lopata-HD-na-volvo-002-330x440.jpg 330w, https:\/\/ebf-cz.com\/wp-content\/uploads\/2020\/10\/Lopata-HD-na-volvo-002-120x160.jpg 120w, https:\/\/ebf-cz.com\/wp-content\/uploads\/2020\/10\/Lopata-HD-na-volvo-002.jpg 825w\" sizes=\"auto, (max-width: 225px) 100vw, 225px\" \/><\/a> <a href=\"https:\/\/ebf-cz.com\/wp-content\/uploads\/2020\/10\/Lopata-HD-na-volvo-003.jpg\" rel=\"lightbox\" data-rel=\"lightbox-image-2\" data-rl_title=\"\" data-rl_caption=\"\" title=\"\"><img loading=\"lazy\" decoding=\"async\" class=\"alignleft wp-image-1063 size-medium\" src=\"https:\/\/ebf-cz.com\/wp-content\/uploads\/2020\/10\/Lopata-HD-na-volvo-003-139x300.jpg\" alt=\"\" width=\"139\" height=\"300\" srcset=\"https:\/\/ebf-cz.com\/wp-content\/uploads\/2020\/10\/Lopata-HD-na-volvo-003-139x300.jpg 139w, https:\/\/ebf-cz.com\/wp-content\/uploads\/2020\/10\/Lopata-HD-na-volvo-003-69x150.jpg 69w, https:\/\/ebf-cz.com\/wp-content\/uploads\/2020\/10\/Lopata-HD-na-volvo-003-473x1024.jpg 473w, https:\/\/ebf-cz.com\/wp-content\/uploads\/2020\/10\/Lopata-HD-na-volvo-003-194x420.jpg 194w, https:\/\/ebf-cz.com\/wp-content\/uploads\/2020\/10\/Lopata-HD-na-volvo-003-330x715.jpg 330w, https:\/\/ebf-cz.com\/wp-content\/uploads\/2020\/10\/Lopata-HD-na-volvo-003-120x260.jpg 120w, https:\/\/ebf-cz.com\/wp-content\/uploads\/2020\/10\/Lopata-HD-na-volvo-003.jpg 508w\" sizes=\"auto, (max-width: 139px) 100vw, 139px\" \/><\/a><\/p>\n<\/div>\n<\/div><\/div><\/div><\/div><\/div>","protected":false},"excerpt":{"rendered":"<p>Die Liste der Zubeh\u00f6rteile, die wir zur sofortigen Abnahme vorr\u00e4tig haben. Bitte kontaktieren Sie uns f\u00fcr besondere W\u00fcnsche. Verst\u00e4rkte Schaufel mit 1.600 mm breitem Halter und Aufh\u00e4ngung ZM2. Geschraubte Unterschneide mit beidseitiger Fase. Speziell verst\u00e4rkte Hydraulikzylinder und Halter. &nbsp;<\/p>\n","protected":false},"author":2,"featured_media":0,"parent":0,"menu_order":0,"comment_status":"closed","ping_status":"closed","template":"","meta":{"_acf_changed":false,"footnotes":""},"class_list":["post-9448","page","type-page","status-publish","hentry"],"acf":[],"_links":{"self":[{"href":"https:\/\/ebf-cz.com\/de\/wp-json\/wp\/v2\/pages\/9448","targetHints":{"allow":["GET"]}}],"collection":[{"href":"https:\/\/ebf-cz.com\/de\/wp-json\/wp\/v2\/pages"}],"about":[{"href":"https:\/\/ebf-cz.com\/de\/wp-json\/wp\/v2\/types\/page"}],"author":[{"embeddable":true,"href":"https:\/\/ebf-cz.com\/de\/wp-json\/wp\/v2\/users\/2"}],"replies":[{"embeddable":true,"href":"https:\/\/ebf-cz.com\/de\/wp-json\/wp\/v2\/comments?post=9448"}],"version-history":[{"count":1,"href":"https:\/\/ebf-cz.com\/de\/wp-json\/wp\/v2\/pages\/9448\/revisions"}],"predecessor-version":[{"id":9455,"href":"https:\/\/ebf-cz.com\/de\/wp-json\/wp\/v2\/pages\/9448\/revisions\/9455"}],"wp:attachment":[{"href":"https:\/\/ebf-cz.com\/de\/wp-json\/wp\/v2\/media?parent=9448"}],"curies":[{"name":"wp","href":"https:\/\/api.w.org\/{rel}","templated":true}]}}