{"id":9464,"date":"2018-07-19T12:16:56","date_gmt":"2018-07-19T10:16:56","guid":{"rendered":"https:\/\/ebf-cz.com\/ebf-ein-zuverlaessiger-partner-aus-dem-herzen-der-tschechischen-republik\/"},"modified":"2023-08-10T13:11:52","modified_gmt":"2023-08-10T11:11:52","slug":"ebf-ein-zuverlaessiger-partner-aus-dem-herzen-der-tschechischen-republik","status":"publish","type":"page","link":"https:\/\/ebf-cz.com\/de\/ebf-ein-zuverlaessiger-partner-aus-dem-herzen-der-tschechischen-republik\/","title":{"rendered":"EBF &#8211; ein zuverl\u00e4ssiger Partner aus dem Herzen der Tschechischen Republik"},"content":{"rendered":"<div id=\"pl-9464\"  class=\"panel-layout\" ><div id=\"pg-9464-0\"  class=\"panel-grid panel-no-style\" ><div id=\"pgc-9464-0-0\"  class=\"panel-grid-cell\" ><div id=\"panel-9464-0-0-0\" class=\"so-panel widget widget_sow-editor panel-first-child panel-last-child\" data-index=\"0\" ><div\n\t\t\t\n\t\t\tclass=\"so-widget-sow-editor so-widget-sow-editor-base\"\n\t\t\t\n\t\t>\n<div class=\"siteorigin-widget-tinymce textwidget\">\n\t<p style=\"text-align: center;\">Wir sind EBF - ein tschechisches Produktions- und Entwicklungsunternehmen mit Sitz in der N\u00e4he von Velk\u00e9 Mezi\u0159\u00ed\u010d\u00ed. Seit 2010 liefern wir zuverl\u00e4ssig Zusatzger\u00e4te an kleine und gro\u00dfe Unternehmen in der Tschechischen Republik und Europa. Wir spezialisieren uns auf Agro-Zubeh\u00f6r f\u00fcr die Landwirtschaft, liefern unentbehrliche Werkzeuge f\u00fcr die <a href=\"https:\/\/ebf-cz.com\/de\/zubehoer-fuer-ihre-maschinen\/?_sft_kategorie=bauindustrie\">Bau-<\/a> und <a href=\"https:\/\/ebf-cz.com\/de\/zubehoer-fuer-ihre-maschinen\/?_sft_kategorie=forstwirtschaft\">Forstwirtschaft<\/a> und bieten Produkte an, die f\u00fcr <a href=\"https:\/\/ebf-cz.com\/de\/zubehoer-fuer-ihre-maschinen\/?_sft_kategorie=kommunale-dienstleistungen\">kommunale<\/a> Zwecke und <a href=\"https:\/\/ebf-cz.com\/de\/zubehoer-fuer-ihre-maschinen\/?_sft_kategorie=landwirtschaft\">Abbrucharbeiten<\/a> geeignet sind.<\/p>\n<p style=\"text-align: center;\">Unser Umgang mit den Kunden ist in erster Linie pers\u00f6nlich und menschlich. Wir versuchen immer zuerst, die Anforderungen Produkts zu verstehen und schlagen dann die ideale L\u00f6sung vor, wobei wir die zeitlichen und finanziellen M\u00f6glichkeiten ber\u00fccksichtigen. Neben Serienprodukten bauen wir daher auch kundenspezifische <a href=\"https:\/\/ebf-cz.com\/de\/dienstleistungen-entwicklung-und-reparatur-von-zusatzgeraeten\/\">Anbauger\u00e4te<\/a> und bieten<a href=\"https:\/\/ebf-cz.com\/de\/dienstleistungen-entwicklung-und-reparatur-von-zusatzgeraeten\/\"> Reparaturen und Service in<\/a> allen Gr\u00f6\u00dfenordnungen - vom Messerwechsel bis zur \u00dcberholung von Zubeh\u00f6r.<\/p>\n<\/div>\n<\/div><\/div><\/div><\/div><div id=\"pg-9464-1\"  class=\"panel-grid panel-no-style\" ><div id=\"pgc-9464-1-0\"  class=\"panel-grid-cell\" ><div id=\"panel-9464-1-0-0\" class=\"so-panel widget widget_sow-image panel-first-child panel-last-child\" data-index=\"1\" ><div\n\t\t\t\n\t\t\tclass=\"so-widget-sow-image so-widget-sow-image-default-c67d20f9f743-9464\"\n\t\t\t\n\t\t>\n<div class=\"sow-image-container\">\n\t\t<img \n\tsrc=\"https:\/\/ebf-cz.com\/wp-content\/uploads\/2020\/03\/ebf-o-nas.jpg\" width=\"1200\" height=\"526\" srcset=\"https:\/\/ebf-cz.com\/wp-content\/uploads\/2020\/03\/ebf-o-nas.jpg 1200w, https:\/\/ebf-cz.com\/wp-content\/uploads\/2020\/03\/ebf-o-nas-150x66.jpg 150w, https:\/\/ebf-cz.com\/wp-content\/uploads\/2020\/03\/ebf-o-nas-300x132.jpg 300w, https:\/\/ebf-cz.com\/wp-content\/uploads\/2020\/03\/ebf-o-nas-768x337.jpg 768w, https:\/\/ebf-cz.com\/wp-content\/uploads\/2020\/03\/ebf-o-nas-1024x449.jpg 1024w, https:\/\/ebf-cz.com\/wp-content\/uploads\/2020\/03\/ebf-o-nas-958x420.jpg 958w, https:\/\/ebf-cz.com\/wp-content\/uploads\/2020\/03\/ebf-o-nas-330x145.jpg 330w, https:\/\/ebf-cz.com\/wp-content\/uploads\/2020\/03\/ebf-o-nas-120x53.jpg 120w\" sizes=\"(max-width: 1200px) 100vw, 1200px\" alt=\"\" \t\tclass=\"so-widget-image\"\/>\n\t<\/div>\n\n<\/div><\/div><\/div><\/div><div id=\"pg-9464-2\"  class=\"panel-grid panel-no-style\" ><div id=\"pgc-9464-2-0\"  class=\"panel-grid-cell\" ><div id=\"panel-9464-2-0-0\" class=\"so-panel widget widget_sow-headline panel-first-child panel-last-child\" data-index=\"2\" ><div\n\t\t\t\n\t\t\tclass=\"so-widget-sow-headline so-widget-sow-headline-default-a088c10eb532-9464\"\n\t\t\t\n\t\t><div class=\"sow-headline-container \">\n\t\t\t\t\t\t\t<h2 class=\"sow-headline\">\n\t\t\t\t\t\t11 JAHRE HINTER UNS\t\t\t\t\t\t<\/h2>\n\t\t\t\t\t\t\t\t\t\t\t<div class=\"decoration\">\n\t\t\t\t\t\t<div class=\"decoration-inside\"><\/div>\n\t\t\t\t\t<\/div>\n\t\t\t\t\t<\/div>\n<\/div><\/div><\/div><\/div><div id=\"pg-9464-3\"  class=\"panel-grid panel-no-style\" ><div id=\"pgc-9464-3-0\"  class=\"panel-grid-cell\" ><div id=\"panel-9464-3-0-0\" class=\"so-panel widget widget_sow-editor panel-first-child panel-last-child\" data-index=\"3\" ><div class=\"about-as-year panel-widget-style panel-widget-style-for-9464-3-0-0\" ><div\n\t\t\t\n\t\t\tclass=\"so-widget-sow-editor so-widget-sow-editor-base\"\n\t\t\t\n\t\t>\n<div class=\"siteorigin-widget-tinymce textwidget\">\n\t<p>2010<\/p>\n<\/div>\n<\/div><\/div><\/div><\/div><div id=\"pgc-9464-3-1\"  class=\"panel-grid-cell\" ><div id=\"panel-9464-3-1-0\" class=\"so-panel widget widget_sow-editor panel-first-child panel-last-child\" data-index=\"4\" ><div\n\t\t\t\n\t\t\tclass=\"so-widget-sow-editor so-widget-sow-editor-base\"\n\t\t\t\n\t\t>\n<div class=\"siteorigin-widget-tinymce textwidget\">\n\t<h2>Gr\u00fcndung der EBF<\/h2>\n<p>EBF, s.r.o. wurde als Vertriebs- und Entwicklungsgesellschaft mit dem Schwerpunkt Bau- und Forstwirtschaft gegr\u00fcndet (daher Equipment for Building and Forest). Wir haben unseren Sitz in M\u011b\u0159\u00edn in gemieteten R\u00e4umlichkeiten, alle arbeiten in der Produktion mit.<\/p>\n<\/div>\n<\/div><\/div><\/div><\/div><div id=\"pg-9464-4\"  class=\"panel-grid panel-no-style\" ><div id=\"pgc-9464-4-0\"  class=\"panel-grid-cell\" ><div id=\"panel-9464-4-0-0\" class=\"so-panel widget widget_sow-editor panel-first-child panel-last-child\" data-index=\"5\" ><div class=\"about-as-year panel-widget-style panel-widget-style-for-9464-4-0-0\" ><div\n\t\t\t\n\t\t\tclass=\"so-widget-sow-editor so-widget-sow-editor-base\"\n\t\t\t\n\t\t>\n<div class=\"siteorigin-widget-tinymce textwidget\">\n\t<p>2012<\/p>\n<\/div>\n<\/div><\/div><\/div><\/div><div id=\"pgc-9464-4-1\"  class=\"panel-grid-cell\" ><div id=\"panel-9464-4-1-0\" class=\"so-panel widget widget_sow-editor panel-first-child panel-last-child\" data-index=\"6\" ><div\n\t\t\t\n\t\t\tclass=\"so-widget-sow-editor so-widget-sow-editor-base\"\n\t\t\t\n\t\t>\n<div class=\"siteorigin-widget-tinymce textwidget\">\n\t<h2>Umzug zu den B\u00e4nken<\/h2>\n<p>Mitte 2012 zogen wir in neue R\u00e4umlichkeiten in die Gemeinde Lavi\u010dky - einen Kilometer von der Autobahn D1 und f\u00fcnf Kilometer von Velk\u00e9 Mezi\u0159\u00ed\u010d\u00ed entfernt. Wir mieten die ehemaligen R\u00e4umlichkeiten der Landwirtschaftlichen Produktionsgenossenschaft. Wir verf\u00fcgen \u00fcber eine gro\u00dfe Produktionshalle, eigene Maschinen, Verwaltungseinrichtungen und zuverl\u00e4ssige Produktionsmitarbeiter. Wir erweitern unseren Produktionsschwerpunkt auch auf die Landwirtschaft, kommunale Dienstleistungen und Abbrucharbeiten. Wir sind dabei, die ISO 9001-Zertifizierung zu erlangen.<\/p>\n<\/div>\n<\/div><\/div><\/div><\/div><div id=\"pg-9464-5\"  class=\"panel-grid panel-no-style\" ><div id=\"pgc-9464-5-0\"  class=\"panel-grid-cell\" ><div id=\"panel-9464-5-0-0\" class=\"so-panel widget widget_sow-editor panel-first-child panel-last-child\" data-index=\"7\" ><div class=\"about-as-year panel-widget-style panel-widget-style-for-9464-5-0-0\" ><div\n\t\t\t\n\t\t\tclass=\"so-widget-sow-editor so-widget-sow-editor-base\"\n\t\t\t\n\t\t>\n<div class=\"siteorigin-widget-tinymce textwidget\">\n\t<p>2014<\/p>\n<\/div>\n<\/div><\/div><\/div><\/div><div id=\"pgc-9464-5-1\"  class=\"panel-grid-cell\" ><div id=\"panel-9464-5-1-0\" class=\"so-panel widget widget_sow-editor panel-first-child panel-last-child\" data-index=\"8\" ><div\n\t\t\t\n\t\t\tclass=\"so-widget-sow-editor so-widget-sow-editor-base\"\n\t\t\t\n\t\t>\n<div class=\"siteorigin-widget-tinymce textwidget\">\n\t<h2><strong>Produktion in neuen R\u00e4umlichkeiten<\/strong><\/h2>\n<p>Wir nehmen das Betriebsgeb\u00e4ude in Lavi\u010dky unter unsere Fittiche und beginnen mit einer schrittweisen Rekonstruktion und Modernisierung. Unser Team in Produktion, Konstruktion und Verwaltung besteht aus etwa f\u00fcnfundzwanzig Mitarbeitern. Gemeinsam entwickeln wir neue Produkte und steigern die Produktion.<\/p>\n<\/div>\n<\/div><\/div><\/div><\/div><div id=\"pg-9464-6\"  class=\"panel-grid panel-no-style\" ><div id=\"pgc-9464-6-0\"  class=\"panel-grid-cell\" ><div id=\"panel-9464-6-0-0\" class=\"so-panel widget widget_sow-editor panel-first-child panel-last-child\" data-index=\"9\" ><div class=\"about-as-year panel-widget-style panel-widget-style-for-9464-6-0-0\" ><div\n\t\t\t\n\t\t\tclass=\"so-widget-sow-editor so-widget-sow-editor-base\"\n\t\t\t\n\t\t>\n<div class=\"siteorigin-widget-tinymce textwidget\">\n\t<p>2017<\/p>\n<\/div>\n<\/div><\/div><\/div><\/div><div id=\"pgc-9464-6-1\"  class=\"panel-grid-cell\" ><div id=\"panel-9464-6-1-0\" class=\"so-panel widget widget_sow-editor panel-first-child panel-last-child\" data-index=\"10\" ><div\n\t\t\t\n\t\t\tclass=\"so-widget-sow-editor so-widget-sow-editor-base\"\n\t\t\t\n\t\t>\n<div class=\"siteorigin-widget-tinymce textwidget\">\n\t<h2>Ausweitung der Produktion<\/h2>\n<p>Die Produktion l\u00e4uft auf Hochtouren. Wir kaufen eine neue und modernere Brennmaschine, mit der wir effizienter arbeiten k\u00f6nnen.\u00a0Wir beginnen mit der Planung f\u00fcr den Bau einer neuen Halle.<\/p>\n<\/div>\n<\/div><\/div><\/div><\/div><div id=\"pg-9464-7\"  class=\"panel-grid panel-no-style\" ><div id=\"pgc-9464-7-0\"  class=\"panel-grid-cell\" ><div id=\"panel-9464-7-0-0\" class=\"so-panel widget widget_sow-editor panel-first-child panel-last-child\" data-index=\"11\" ><div class=\"about-as-year panel-widget-style panel-widget-style-for-9464-7-0-0\" ><div\n\t\t\t\n\t\t\tclass=\"so-widget-sow-editor so-widget-sow-editor-base\"\n\t\t\t\n\t\t>\n<div class=\"siteorigin-widget-tinymce textwidget\">\n\t<p>2019<\/p>\n<\/div>\n<\/div><\/div><\/div><\/div><div id=\"pgc-9464-7-1\"  class=\"panel-grid-cell\" ><div id=\"panel-9464-7-1-0\" class=\"so-panel widget widget_sow-editor panel-first-child panel-last-child\" data-index=\"12\" ><div\n\t\t\t\n\t\t\tclass=\"so-widget-sow-editor so-widget-sow-editor-base\"\n\t\t\t\n\t\t>\n<div class=\"siteorigin-widget-tinymce textwidget\">\n\t<h2>Modernisierung der R\u00e4umlichkeiten<\/h2>\n<p>Um unsere Produktionskapazit\u00e4ten zu erweitern und eine hohe Produktqualit\u00e4t zu gew\u00e4hrleisten, erweitern wir unser Konstruktionsteam und beginnen mit einer kompletten Modernisierung unserer R\u00e4umlichkeiten. Wir bauen eine neue Zufahrtsstra\u00dfe, reparieren den Parkplatz und legen den Grundstein f\u00fcr den Bau einer neuen Fertighalle.<\/p>\n<\/div>\n<\/div><\/div><\/div><\/div><div id=\"pg-9464-8\"  class=\"panel-grid panel-no-style\" ><div id=\"pgc-9464-8-0\"  class=\"panel-grid-cell\" ><div id=\"panel-9464-8-0-0\" class=\"so-panel widget widget_sow-image panel-first-child panel-last-child\" data-index=\"13\" ><div\n\t\t\t\n\t\t\tclass=\"so-widget-sow-image so-widget-sow-image-default-c67d20f9f743-9464\"\n\t\t\t\n\t\t>\n<div class=\"sow-image-container\">\n\t\t<img \n\tsrc=\"https:\/\/ebf-cz.com\/wp-content\/uploads\/2019\/04\/Stohar-s-hydraulickym-celem00006.jpg\" width=\"1100\" height=\"825\" srcset=\"https:\/\/ebf-cz.com\/wp-content\/uploads\/2019\/04\/Stohar-s-hydraulickym-celem00006.jpg 1100w, https:\/\/ebf-cz.com\/wp-content\/uploads\/2019\/04\/Stohar-s-hydraulickym-celem00006-150x113.jpg 150w, https:\/\/ebf-cz.com\/wp-content\/uploads\/2019\/04\/Stohar-s-hydraulickym-celem00006-300x225.jpg 300w, https:\/\/ebf-cz.com\/wp-content\/uploads\/2019\/04\/Stohar-s-hydraulickym-celem00006-768x576.jpg 768w, https:\/\/ebf-cz.com\/wp-content\/uploads\/2019\/04\/Stohar-s-hydraulickym-celem00006-1024x768.jpg 1024w, https:\/\/ebf-cz.com\/wp-content\/uploads\/2019\/04\/Stohar-s-hydraulickym-celem00006-560x420.jpg 560w, https:\/\/ebf-cz.com\/wp-content\/uploads\/2019\/04\/Stohar-s-hydraulickym-celem00006-330x248.jpg 330w, https:\/\/ebf-cz.com\/wp-content\/uploads\/2019\/04\/Stohar-s-hydraulickym-celem00006-120x90.jpg 120w\" sizes=\"(max-width: 1100px) 100vw, 1100px\" title=\"Agro stoha\u0159 s&nbsp;hydraulick\u00fdm \u010delem\" alt=\"\" \t\tclass=\"so-widget-image\"\/>\n\t<\/div>\n\n<\/div><\/div><\/div><\/div><div id=\"pg-9464-9\"  class=\"panel-grid panel-no-style\" ><div id=\"pgc-9464-9-0\"  class=\"panel-grid-cell\" ><div id=\"panel-9464-9-0-0\" class=\"so-panel widget widget_sow-headline panel-first-child panel-last-child\" data-index=\"14\" ><div\n\t\t\t\n\t\t\tclass=\"so-widget-sow-headline so-widget-sow-headline-default-a088c10eb532-9464\"\n\t\t\t\n\t\t><div class=\"sow-headline-container \">\n\t\t\t\t\t\t\t<h2 class=\"sow-headline\">\n\t\t\t\t\t\tUNSERE TOP-PRODUKTE\t\t\t\t\t\t<\/h2>\n\t\t\t\t\t\t\t\t\t\t\t<div class=\"decoration\">\n\t\t\t\t\t\t<div class=\"decoration-inside\"><\/div>\n\t\t\t\t\t<\/div>\n\t\t\t\t\t<\/div>\n<\/div><\/div><\/div><\/div><div id=\"pg-9464-10\"  class=\"panel-grid panel-no-style\" ><div id=\"pgc-9464-10-0\"  class=\"panel-grid-cell\" ><div id=\"panel-9464-10-0-0\" class=\"so-panel widget widget_sow-editor panel-first-child panel-last-child\" data-index=\"15\" ><div\n\t\t\t\n\t\t\tclass=\"so-widget-sow-editor so-widget-sow-editor-base\"\n\t\t\t\n\t\t>\n<div class=\"siteorigin-widget-tinymce textwidget\">\n\t<p style=\"text-align: center;\">Zu unseren meistverkauften Produkten geh\u00f6rt das Zubeh\u00f6r f\u00fcr Frontlader im <a href=\"https:\/\/ebf-cz.com\/de\/zubehoer-fuer-ihre-maschinen\/?_sft_kategorie=bauindustrie&amp;_sft_stroje=frontlader\">Bauwesen<\/a>, in der <a href=\"https:\/\/ebf-cz.com\/de\/zubehoer-fuer-ihre-maschinen\/?_sft_kategorie=landwirtschaft&amp;_sft_stroje=frontlader\">Landwirtschaft<\/a> und in den <a href=\"https:\/\/ebf-cz.com\/de\/zubehoer-fuer-ihre-maschinen\/?_sft_kategorie=kommunale-dienstleistungen&amp;_sft_stroje=frontlader\">kommunalen Dienstleistungen<\/a>. Dazu geh\u00f6ren verschiedene Arten von Schaufeln (z. B. <a href=\"https:\/\/ebf-cz.com\/de\/produkty\/schaufel-kombi\/\">KOMBI<\/a> oder <a href=\"https:\/\/ebf-cz.com\/de\/produkty\/schaufel-mit-halter-pelikan\/\">PELIKAN<\/a>), <a href=\"https:\/\/ebf-cz.com\/de\/zubehoer-fuer-ihre-maschinen\/?_sft_kategorie=landwirtschaft&amp;_sft_stroje=frontlader&amp;_sf_s=gabel\">Gabeln\/Schilden<\/a> oder <a href=\"https:\/\/ebf-cz.com\/de\/zubehoer-fuer-ihre-maschinen\/?_sf_s=palett\">Palettengabeln<\/a>. Viele dieser Produkte sind auch f\u00fcr <a href=\"https:\/\/ebf-cz.com\/de\/zubehoer-fuer-ihre-maschinen\/?_sft_stroje=teleskopischer-manipulator\">Teleskoplader<\/a> geeignet.<\/p>\n<p style=\"text-align: center;\">Auch unsere Traktorladerwerkzeuge sind sehr beliebt. In der\u00a0<a href=\"https:\/\/ebf-cz.com\/de\/zubehoer-fuer-ihre-maschinen\/?_sft_stroje=traktorlader&amp;_sf_s=silage\">Landwirtschaft<\/a>\u00a0ist der so genannte\u00a0\"<a href=\"https:\/\/ebf-cz.com\/de\/zubehoer-fuer-ihre-maschinen\/?_sft_kategorie=landwirtschaft&amp;_sft_stroje=traktorlader&amp;_sf_s=Silagegabel\">Silagegabel<\/a>\" weit verbreitet, im\u00a0Bauwesen\u00a0der\u00a0\"<a href=\"https:\/\/ebf-cz.com\/de\/zubehoer-fuer-ihre-maschinen\/?_sft_kategorie=bauindustrie&amp;_sft_stroje=traktorlader&amp;_sf_s=Hangschaufel\">Hangschaufel<\/a>\". F\u00fcr\u00a0<a href=\"https:\/\/ebf-cz.com\/de\/zubehoer-fuer-ihre-maschinen\/?_sft_kategorie=forstwirtschaft\">forstwirtschaftliche Zwecke<\/a>\u00a0ist unsere\u00a0<a href=\"https:\/\/ebf-cz.com\/de\/produkty\/hochkippbare-schaufel\/\">Hochkippschaufel<\/a>\u00a0ein guter Helfer.<\/p>\n<\/div>\n<\/div><\/div><\/div><\/div><\/div>","protected":false},"excerpt":{"rendered":"<p>Wir sind EBF &#8211; ein tschechisches Produktions- und Entwicklungsunternehmen mit Sitz in der N\u00e4he von Velk\u00e9 Mezi\u0159\u00ed\u010d\u00ed. Seit 2010 liefern wir zuverl\u00e4ssig Zusatzger\u00e4te an kleine und gro\u00dfe Unternehmen in der Tschechischen Republik und Europa. Wir spezialisieren uns auf Agro-Zubeh\u00f6r f\u00fcr die Landwirtschaft, liefern unentbehrliche Werkzeuge f\u00fcr die Bau- und Forstwirtschaft und bieten Produkte an, die [&hellip;]<\/p>\n","protected":false},"author":1,"featured_media":0,"parent":0,"menu_order":0,"comment_status":"closed","ping_status":"closed","template":"","meta":{"_acf_changed":false,"footnotes":""},"class_list":["post-9464","page","type-page","status-publish","hentry"],"acf":[],"_links":{"self":[{"href":"https:\/\/ebf-cz.com\/de\/wp-json\/wp\/v2\/pages\/9464","targetHints":{"allow":["GET"]}}],"collection":[{"href":"https:\/\/ebf-cz.com\/de\/wp-json\/wp\/v2\/pages"}],"about":[{"href":"https:\/\/ebf-cz.com\/de\/wp-json\/wp\/v2\/types\/page"}],"author":[{"embeddable":true,"href":"https:\/\/ebf-cz.com\/de\/wp-json\/wp\/v2\/users\/1"}],"replies":[{"embeddable":true,"href":"https:\/\/ebf-cz.com\/de\/wp-json\/wp\/v2\/comments?post=9464"}],"version-history":[{"count":14,"href":"https:\/\/ebf-cz.com\/de\/wp-json\/wp\/v2\/pages\/9464\/revisions"}],"predecessor-version":[{"id":17289,"href":"https:\/\/ebf-cz.com\/de\/wp-json\/wp\/v2\/pages\/9464\/revisions\/17289"}],"wp:attachment":[{"href":"https:\/\/ebf-cz.com\/de\/wp-json\/wp\/v2\/media?parent=9464"}],"curies":[{"name":"wp","href":"https:\/\/api.w.org\/{rel}","templated":true}]}}