{"id":9432,"date":"2018-07-19T12:16:56","date_gmt":"2018-07-19T10:16:56","guid":{"rendered":"https:\/\/ebf-cz.com\/ebf-a-reliable-partner-from-the-heart-of-the-czech-republic\/"},"modified":"2023-07-29T18:26:42","modified_gmt":"2023-07-29T16:26:42","slug":"ebf-a-reliable-partner-from-the-heart-of-the-czech-republic","status":"publish","type":"page","link":"https:\/\/ebf-cz.com\/en\/ebf-a-reliable-partner-from-the-heart-of-the-czech-republic\/","title":{"rendered":"EBF &#8211; a reliable partner from the heart of the Czech Republic"},"content":{"rendered":"<div id=\"pl-9432\"  class=\"panel-layout\" ><div id=\"pg-9432-0\"  class=\"panel-grid panel-no-style\" ><div id=\"pgc-9432-0-0\"  class=\"panel-grid-cell\" ><div id=\"panel-9432-0-0-0\" class=\"so-panel widget widget_sow-editor panel-first-child panel-last-child\" data-index=\"0\" ><div\n\t\t\t\n\t\t\tclass=\"so-widget-sow-editor so-widget-sow-editor-base\"\n\t\t\t\n\t\t>\n<div class=\"siteorigin-widget-tinymce textwidget\">\n\t<p style=\"text-align: center;\">We are EBF - a Czech manufacturing and development company based near Velk\u00e9 Mezi\u0159\u00ed\u010d\u00ed. Since 2010 we have been reliably supplying accessories and additional equipment to small and large companies in the Czech Republic and Europe.  We specialize in agricultural accessories for <a href=\"https:\/\/ebf-cz.com\/en\/accessories-for-your-machines\/?_sft_kategorie=zemedelstvi\">agricultural activities<\/a>, supply indispensable tools for <a href=\"https:\/\/ebf-cz.com\/en\/accessories-for-your-machines\/?_sft_kategorie=stavebnictvi\">construction<\/a> and <a href=\"https:\/\/ebf-cz.com\/en\/accessories-for-your-machines\/?_sft_kategorie=lesnictvi\">forestry<\/a> and offer products suitable for <a href=\"https:\/\/ebf-cz.com\/en\/accessories-for-your-machines\/?_sft_kategorie=komunalni-sluzby\">municipal<\/a> and <a href=\"https:\/\/ebf-cz.com\/en\/accessories-for-your-machines\/?_sft_kategorie=demolice\">demolition<\/a> purposes.<\/p>\n<p style=\"text-align: center;\">Our approach to customers is above all personal and human. We always try to understand the nature of the desired product first and then propose the ideal solution, taking into account time and financial possibilities. In addition to serial production, we also build customized <a href=\"https:\/\/ebf-cz.com\/en\/services-development-and-repair-of-add-on-equipment\/\">attachments<\/a> and offer<a href=\"https:\/\/ebf-cz.com\/en\/services-development-and-repair-of-add-on-equipment\/\"> repairs and service<\/a> for products of all sizes - from blade replacement to accessory overhauls.<\/p>\n<\/div>\n<\/div><\/div><\/div><\/div><div id=\"pg-9432-1\"  class=\"panel-grid panel-no-style\" ><div id=\"pgc-9432-1-0\"  class=\"panel-grid-cell\" ><div id=\"panel-9432-1-0-0\" class=\"so-panel widget widget_sow-image panel-first-child panel-last-child\" data-index=\"1\" ><div\n\t\t\t\n\t\t\tclass=\"so-widget-sow-image so-widget-sow-image-default-c67d20f9f743-9432\"\n\t\t\t\n\t\t>\n<div class=\"sow-image-container\">\n\t\t<img \n\tsrc=\"https:\/\/ebf-cz.com\/wp-content\/uploads\/2020\/03\/ebf-o-nas.jpg\" width=\"1200\" height=\"526\" srcset=\"https:\/\/ebf-cz.com\/wp-content\/uploads\/2020\/03\/ebf-o-nas.jpg 1200w, https:\/\/ebf-cz.com\/wp-content\/uploads\/2020\/03\/ebf-o-nas-150x66.jpg 150w, https:\/\/ebf-cz.com\/wp-content\/uploads\/2020\/03\/ebf-o-nas-300x132.jpg 300w, https:\/\/ebf-cz.com\/wp-content\/uploads\/2020\/03\/ebf-o-nas-768x337.jpg 768w, https:\/\/ebf-cz.com\/wp-content\/uploads\/2020\/03\/ebf-o-nas-1024x449.jpg 1024w, https:\/\/ebf-cz.com\/wp-content\/uploads\/2020\/03\/ebf-o-nas-958x420.jpg 958w, https:\/\/ebf-cz.com\/wp-content\/uploads\/2020\/03\/ebf-o-nas-330x145.jpg 330w, https:\/\/ebf-cz.com\/wp-content\/uploads\/2020\/03\/ebf-o-nas-120x53.jpg 120w\" sizes=\"(max-width: 1200px) 100vw, 1200px\" alt=\"\" \t\tclass=\"so-widget-image\"\/>\n\t<\/div>\n\n<\/div><\/div><\/div><\/div><div id=\"pg-9432-2\"  class=\"panel-grid panel-no-style\" ><div id=\"pgc-9432-2-0\"  class=\"panel-grid-cell\" ><div id=\"panel-9432-2-0-0\" class=\"so-panel widget widget_sow-headline panel-first-child panel-last-child\" data-index=\"2\" ><div\n\t\t\t\n\t\t\tclass=\"so-widget-sow-headline so-widget-sow-headline-default-a088c10eb532-9432\"\n\t\t\t\n\t\t><div class=\"sow-headline-container \">\n\t\t\t\t\t\t\t<h2 class=\"sow-headline\">\n\t\t\t\t\t\t11 YEARS BEHIND US\t\t\t\t\t\t<\/h2>\n\t\t\t\t\t\t\t\t\t\t\t<div class=\"decoration\">\n\t\t\t\t\t\t<div class=\"decoration-inside\"><\/div>\n\t\t\t\t\t<\/div>\n\t\t\t\t\t<\/div>\n<\/div><\/div><\/div><\/div><div id=\"pg-9432-3\"  class=\"panel-grid panel-no-style\" ><div id=\"pgc-9432-3-0\"  class=\"panel-grid-cell\" ><div id=\"panel-9432-3-0-0\" class=\"so-panel widget widget_sow-editor panel-first-child panel-last-child\" data-index=\"3\" ><div class=\"about-as-year panel-widget-style panel-widget-style-for-9432-3-0-0\" ><div\n\t\t\t\n\t\t\tclass=\"so-widget-sow-editor so-widget-sow-editor-base\"\n\t\t\t\n\t\t>\n<div class=\"siteorigin-widget-tinymce textwidget\">\n\t<p>2010<\/p>\n<\/div>\n<\/div><\/div><\/div><\/div><div id=\"pgc-9432-3-1\"  class=\"panel-grid-cell\" ><div id=\"panel-9432-3-1-0\" class=\"so-panel widget widget_sow-editor panel-first-child panel-last-child\" data-index=\"4\" ><div\n\t\t\t\n\t\t\tclass=\"so-widget-sow-editor so-widget-sow-editor-base\"\n\t\t\t\n\t\t>\n<div class=\"siteorigin-widget-tinymce textwidget\">\n\t<h2>Founding EBF<\/h2>\n<p>EBF, s.r.o. is established as a sales and development company with a focus on the construction sector and forestry (hence the name - Equipment for Building and Forest). Our headquarters are located in M\u011b\u0159\u00edn in leased premises, and we ensure production through cooperation. <\/p>\n<\/div>\n<\/div><\/div><\/div><\/div><div id=\"pg-9432-4\"  class=\"panel-grid panel-no-style\" ><div id=\"pgc-9432-4-0\"  class=\"panel-grid-cell\" ><div id=\"panel-9432-4-0-0\" class=\"so-panel widget widget_sow-editor panel-first-child panel-last-child\" data-index=\"5\" ><div class=\"about-as-year panel-widget-style panel-widget-style-for-9432-4-0-0\" ><div\n\t\t\t\n\t\t\tclass=\"so-widget-sow-editor so-widget-sow-editor-base\"\n\t\t\t\n\t\t>\n<div class=\"siteorigin-widget-tinymce textwidget\">\n\t<p>2012<\/p>\n<\/div>\n<\/div><\/div><\/div><\/div><div id=\"pgc-9432-4-1\"  class=\"panel-grid-cell\" ><div id=\"panel-9432-4-1-0\" class=\"so-panel widget widget_sow-editor panel-first-child panel-last-child\" data-index=\"6\" ><div\n\t\t\t\n\t\t\tclass=\"so-widget-sow-editor so-widget-sow-editor-base\"\n\t\t\t\n\t\t>\n<div class=\"siteorigin-widget-tinymce textwidget\">\n\t<h2>Moving to Lavi\u010dky<\/h2>\n<p>In mid-2012 the company moves to new premises in Lavi\u010dky, a village located one kilometre from the D1 highway and five kilometres from Velk\u00e9 Mezi\u0159\u00ed\u010d\u00ed. We rent the premises formerly owned by Unified Agricultural Cooperative (JZD). We have a large production hall at our disposal, along with our own machinery, administrative facilities and reliable production staff. Our production focus expands into agriculture, municipal services and demolition work. We obtain ISO 9001 certification.<\/p>\n<\/div>\n<\/div><\/div><\/div><\/div><div id=\"pg-9432-5\"  class=\"panel-grid panel-no-style\" ><div id=\"pgc-9432-5-0\"  class=\"panel-grid-cell\" ><div id=\"panel-9432-5-0-0\" class=\"so-panel widget widget_sow-editor panel-first-child panel-last-child\" data-index=\"7\" ><div class=\"about-as-year panel-widget-style panel-widget-style-for-9432-5-0-0\" ><div\n\t\t\t\n\t\t\tclass=\"so-widget-sow-editor so-widget-sow-editor-base\"\n\t\t\t\n\t\t>\n<div class=\"siteorigin-widget-tinymce textwidget\">\n\t<p>2014<\/p>\n<\/div>\n<\/div><\/div><\/div><\/div><div id=\"pgc-9432-5-1\"  class=\"panel-grid-cell\" ><div id=\"panel-9432-5-1-0\" class=\"so-panel widget widget_sow-editor panel-first-child panel-last-child\" data-index=\"8\" ><div\n\t\t\t\n\t\t\tclass=\"so-widget-sow-editor so-widget-sow-editor-base\"\n\t\t\t\n\t\t>\n<div class=\"siteorigin-widget-tinymce textwidget\">\n\t<h2>Production in our own facilities<\/h2>\n<p>We take the production premises in Lavi\u010dky under our wing and start a gradual reconstruction and modernization process. Our team in production, construction and administration consists of about twenty-five employees. Together we develop new products and increase production.<\/p>\n<\/div>\n<\/div><\/div><\/div><\/div><div id=\"pg-9432-6\"  class=\"panel-grid panel-no-style\" ><div id=\"pgc-9432-6-0\"  class=\"panel-grid-cell\" ><div id=\"panel-9432-6-0-0\" class=\"so-panel widget widget_sow-editor panel-first-child panel-last-child\" data-index=\"9\" ><div class=\"about-as-year panel-widget-style panel-widget-style-for-9432-6-0-0\" ><div\n\t\t\t\n\t\t\tclass=\"so-widget-sow-editor so-widget-sow-editor-base\"\n\t\t\t\n\t\t>\n<div class=\"siteorigin-widget-tinymce textwidget\">\n\t<p>2017<\/p>\n<\/div>\n<\/div><\/div><\/div><\/div><div id=\"pgc-9432-6-1\"  class=\"panel-grid-cell\" ><div id=\"panel-9432-6-1-0\" class=\"so-panel widget widget_sow-editor panel-first-child panel-last-child\" data-index=\"10\" ><div\n\t\t\t\n\t\t\tclass=\"so-widget-sow-editor so-widget-sow-editor-base\"\n\t\t\t\n\t\t>\n<div class=\"siteorigin-widget-tinymce textwidget\">\n\t<h2>Expansion of production<\/h2>\n<p>Production is running at full speed. We purchase a new and more modern cutting machine which enables us to increase work efficiency. Also, plans for the construction of a new hall emerge. <\/p>\n<\/div>\n<\/div><\/div><\/div><\/div><div id=\"pg-9432-7\"  class=\"panel-grid panel-no-style\" ><div id=\"pgc-9432-7-0\"  class=\"panel-grid-cell\" ><div id=\"panel-9432-7-0-0\" class=\"so-panel widget widget_sow-editor panel-first-child panel-last-child\" data-index=\"11\" ><div class=\"about-as-year panel-widget-style panel-widget-style-for-9432-7-0-0\" ><div\n\t\t\t\n\t\t\tclass=\"so-widget-sow-editor so-widget-sow-editor-base\"\n\t\t\t\n\t\t>\n<div class=\"siteorigin-widget-tinymce textwidget\">\n\t<p>2019<\/p>\n<\/div>\n<\/div><\/div><\/div><\/div><div id=\"pgc-9432-7-1\"  class=\"panel-grid-cell\" ><div id=\"panel-9432-7-1-0\" class=\"so-panel widget widget_sow-editor panel-first-child panel-last-child\" data-index=\"12\" ><div\n\t\t\t\n\t\t\tclass=\"so-widget-sow-editor so-widget-sow-editor-base\"\n\t\t\t\n\t\t>\n<div class=\"siteorigin-widget-tinymce textwidget\">\n\t<h2>Modernization of premises<\/h2>\n<p>In order to expand our production capacities and maintain the high quality of our products, we expand our design team and embark on a comprehensive modernization of our facilities. We construct a new access road, repair the parking area, and lay the foundation for the construction of a new prefabricated hall. <\/p>\n<\/div>\n<\/div><\/div><\/div><\/div><div id=\"pg-9432-8\"  class=\"panel-grid panel-no-style\" ><div id=\"pgc-9432-8-0\"  class=\"panel-grid-cell\" ><div id=\"panel-9432-8-0-0\" class=\"so-panel widget widget_sow-image panel-first-child panel-last-child\" data-index=\"13\" ><div\n\t\t\t\n\t\t\tclass=\"so-widget-sow-image so-widget-sow-image-default-c67d20f9f743-9432\"\n\t\t\t\n\t\t>\n<div class=\"sow-image-container\">\n\t\t<img \n\tsrc=\"https:\/\/ebf-cz.com\/wp-content\/uploads\/2019\/04\/Stohar-s-hydraulickym-celem00006.jpg\" width=\"1100\" height=\"825\" srcset=\"https:\/\/ebf-cz.com\/wp-content\/uploads\/2019\/04\/Stohar-s-hydraulickym-celem00006.jpg 1100w, https:\/\/ebf-cz.com\/wp-content\/uploads\/2019\/04\/Stohar-s-hydraulickym-celem00006-150x113.jpg 150w, https:\/\/ebf-cz.com\/wp-content\/uploads\/2019\/04\/Stohar-s-hydraulickym-celem00006-300x225.jpg 300w, https:\/\/ebf-cz.com\/wp-content\/uploads\/2019\/04\/Stohar-s-hydraulickym-celem00006-768x576.jpg 768w, https:\/\/ebf-cz.com\/wp-content\/uploads\/2019\/04\/Stohar-s-hydraulickym-celem00006-1024x768.jpg 1024w, https:\/\/ebf-cz.com\/wp-content\/uploads\/2019\/04\/Stohar-s-hydraulickym-celem00006-560x420.jpg 560w, https:\/\/ebf-cz.com\/wp-content\/uploads\/2019\/04\/Stohar-s-hydraulickym-celem00006-330x248.jpg 330w, https:\/\/ebf-cz.com\/wp-content\/uploads\/2019\/04\/Stohar-s-hydraulickym-celem00006-120x90.jpg 120w\" sizes=\"(max-width: 1100px) 100vw, 1100px\" title=\"Agro stoha\u0159 s&nbsp;hydraulick\u00fdm \u010delem\" alt=\"\" \t\tclass=\"so-widget-image\"\/>\n\t<\/div>\n\n<\/div><\/div><\/div><\/div><div id=\"pg-9432-9\"  class=\"panel-grid panel-no-style\" ><div id=\"pgc-9432-9-0\"  class=\"panel-grid-cell\" ><div id=\"panel-9432-9-0-0\" class=\"so-panel widget widget_sow-headline panel-first-child panel-last-child\" data-index=\"14\" ><div\n\t\t\t\n\t\t\tclass=\"so-widget-sow-headline so-widget-sow-headline-default-a088c10eb532-9432\"\n\t\t\t\n\t\t><div class=\"sow-headline-container \">\n\t\t\t\t\t\t\t<h2 class=\"sow-headline\">\n\t\t\t\t\t\tOUR TOP PRODUCTS\t\t\t\t\t\t<\/h2>\n\t\t\t\t\t\t\t\t\t\t\t<div class=\"decoration\">\n\t\t\t\t\t\t<div class=\"decoration-inside\"><\/div>\n\t\t\t\t\t<\/div>\n\t\t\t\t\t<\/div>\n<\/div><\/div><\/div><\/div><div id=\"pg-9432-10\"  class=\"panel-grid panel-no-style\" ><div id=\"pgc-9432-10-0\"  class=\"panel-grid-cell\" ><div id=\"panel-9432-10-0-0\" class=\"so-panel widget widget_sow-editor panel-first-child panel-last-child\" data-index=\"15\" ><div\n\t\t\t\n\t\t\tclass=\"so-widget-sow-editor so-widget-sow-editor-base\"\n\t\t\t\n\t\t>\n<div class=\"siteorigin-widget-tinymce textwidget\">\n\t<p style=\"text-align: center;\">Our best-selling products include attachments for front loaders in the areas of <a href=\"https:\/\/ebf-cz.com\/en\/accessories-for-your-machines\/?_sft_kategorie=stavebnictvi&_sft_stroje=celni-nakladac\">construction<\/a>, <a href=\"https:\/\/ebf-cz.com\/en\/accessories-for-your-machines\/?_sft_kategorie=zemedelstvi&_sft_stroje=celni-nakladac\">agriculture<\/a> and <a href=\"https:\/\/ebf-cz.com\/en\/accessories-for-your-machines\/?_sft_kategorie=komunalni-sluzby&_sft_stroje=celni-nakladac\">municipal services<\/a>. These include various types of buckets (e.g. <a href=\"https:\/\/ebf-cz.com\/en\/produkty\/shovel-kombi\/\">KOMBI<\/a> and <a href=\"https:\/\/ebf-cz.com\/produkty\/lopata-s-pridrzovacem-pelikan\">PELIKAN<\/a>), <a href=\"https:\/\/ebf-cz.com\/en\/accessories-for-your-machines\/?_sft_kategorie=zemedelstvi&_sft_stroje=celni-nakladac&_sf_s=radlice\">ploughs<\/a> and <a href=\"https:\/\/ebf-cz.com\/en\/accessories-for-your-machines\/?_sft_kategorie=komunalni-sluzby&_sft_stroje=celni-nakladac&_sf_s=paletovac%C3%AD%20vidle\">pallet forks<\/a>. Many of these products are also suitable for <a href=\"https:\/\/ebf-cz.com\/en\/accessories-for-your-machines\/?_sft_stroje=teleskopicky-manipulator\">telescopic handling machines<\/a>.<\/p>\n<p style=\"text-align: center;\">Our tractor loader tools are also popular. In <a href=\"https:\/\/ebf-cz.com\/en\/accessories-for-your-machines\/?_sft_kategorie=zemedelstvi&_sft_stroje=traktorovy-nakladac&_sf_s=radlice\">agriculture<\/a>, our <a href=\"https:\/\/ebf-cz.com\/en\/accessories-for-your-machines\/?_sft_kategorie=zemedelstvi&_sft_stroje=traktorovy-nakladac&_sf_s=radlice%20na%20sil%C3%A1%C5%BE\">silage coulters<\/a> find abundant use, while in <a href=\"https:\/\/ebf-cz.com\/en\/accessories-for-your-machines\/?_sft_kategorie=stavebnictvi&_sft_stroje=traktorovy-nakladac\">construction<\/a>, the <a href=\"https:\/\/ebf-cz.com\/en\/accessories-for-your-machines\/?_sft_kategorie=stavebnictvi&_sft_stroje=traktorovy-nakladac&_sf_s=svahov%C3%A1\">slope bucket<\/a> is commonly utilized. For <a href=\"https:\/\/ebf-cz.com\/en\/accessories-for-your-machines\/?_sft_kategorie=lesnictvi\">forestry purposes<\/a>, our <a href=\"https:\/\/ebf-cz.com\/en\/produkty\/high-tipping-shovel\/\">tipping bucket<\/a> is a good helper.<\/p>\n<\/div>\n<\/div><\/div><\/div><\/div><\/div>","protected":false},"excerpt":{"rendered":"<p>We are EBF &#8211; a Czech manufacturing and development company based near Velk\u00e9 Mezi\u0159\u00ed\u010d\u00ed. Since 2010 we have been reliably supplying accessories and additional equipment to small and large companies in the Czech Republic and Europe. We specialize in agricultural accessories for agricultural activities, supply indispensable tools for construction and forestry and offer products suitable [&hellip;]<\/p>\n","protected":false},"author":1,"featured_media":0,"parent":0,"menu_order":0,"comment_status":"closed","ping_status":"closed","template":"","meta":{"_acf_changed":false,"footnotes":""},"class_list":["post-9432","page","type-page","status-publish","hentry"],"acf":[],"_links":{"self":[{"href":"https:\/\/ebf-cz.com\/en\/wp-json\/wp\/v2\/pages\/9432","targetHints":{"allow":["GET"]}}],"collection":[{"href":"https:\/\/ebf-cz.com\/en\/wp-json\/wp\/v2\/pages"}],"about":[{"href":"https:\/\/ebf-cz.com\/en\/wp-json\/wp\/v2\/types\/page"}],"author":[{"embeddable":true,"href":"https:\/\/ebf-cz.com\/en\/wp-json\/wp\/v2\/users\/1"}],"replies":[{"embeddable":true,"href":"https:\/\/ebf-cz.com\/en\/wp-json\/wp\/v2\/comments?post=9432"}],"version-history":[{"count":6,"href":"https:\/\/ebf-cz.com\/en\/wp-json\/wp\/v2\/pages\/9432\/revisions"}],"predecessor-version":[{"id":14177,"href":"https:\/\/ebf-cz.com\/en\/wp-json\/wp\/v2\/pages\/9432\/revisions\/14177"}],"wp:attachment":[{"href":"https:\/\/ebf-cz.com\/en\/wp-json\/wp\/v2\/media?parent=9432"}],"curies":[{"name":"wp","href":"https:\/\/api.w.org\/{rel}","templated":true}]}}