{"id":9439,"date":"2018-06-12T14:53:23","date_gmt":"2018-06-12T12:53:23","guid":{"rendered":"https:\/\/ebf-cz.com\/contact\/"},"modified":"2024-01-23T12:33:43","modified_gmt":"2024-01-23T11:33:43","slug":"contact","status":"publish","type":"page","link":"https:\/\/ebf-cz.com\/en\/contact\/","title":{"rendered":"Contact"},"content":{"rendered":"<div id=\"pl-9439\"  class=\"panel-layout\" ><div id=\"pg-9439-0\"  class=\"panel-grid panel-has-style\" ><div class=\"panel-row-style panel-row-style-for-9439-0\" ><div id=\"pgc-9439-0-0\"  class=\"panel-grid-cell\" ><div id=\"panel-9439-0-0-0\" class=\"so-panel widget widget_sow-headline panel-first-child panel-last-child\" data-index=\"0\" ><div\n\t\t\t\n\t\t\tclass=\"so-widget-sow-headline so-widget-sow-headline-default-4b1bdc66c7b1-9439\"\n\t\t\t\n\t\t><div class=\"sow-headline-container \">\n\t\t\t\t\t\t\t<h2 class=\"sow-headline\">\n\t\t\t\t\t\tEBF team\t\t\t\t\t\t<\/h2>\n\t\t\t\t\t\t<\/div>\n<\/div><\/div><\/div><\/div><\/div><div id=\"pg-9439-1\"  class=\"panel-grid panel-has-style\" ><div class=\"page-kontakt panel-row-style panel-row-style-for-9439-1\" ><div id=\"pgc-9439-1-0\"  class=\"panel-grid-cell\" ><div class=\"clearfix panel-cell-style panel-cell-style-for-9439-1-0\" ><div id=\"panel-9439-1-0-0\" class=\"so-panel widget widget_sow-editor panel-first-child panel-last-child\" data-index=\"1\" ><div class=\"ebf-kontakt__text panel-widget-style panel-widget-style-for-9439-1-0-0\" ><div\n\t\t\t\n\t\t\tclass=\"so-widget-sow-editor so-widget-sow-editor-base\"\n\t\t\t\n\t\t>\n<div class=\"siteorigin-widget-tinymce textwidget\">\n\t<h3>Pavel Mezlik<\/h3>\n<p>Managing Director, Sales Department<\/p>\n<p><a href=\"tel:00420734382221\">(+420) 734&nbsp;382&nbsp;221<\/a><br \/>\n<a href=\"mailto:mezlik@ebf-cz.com\">mezlik@ebf-cz.com<\/a><\/p>\n<\/div>\n<\/div><\/div><\/div><\/div><\/div><div id=\"pgc-9439-1-1\"  class=\"panel-grid-cell\" ><div class=\"clearfix panel-cell-style panel-cell-style-for-9439-1-1\" ><div id=\"panel-9439-1-1-0\" class=\"so-panel widget widget_sow-editor panel-first-child panel-last-child\" data-index=\"2\" ><div class=\"ebf-kontakt__text panel-widget-style panel-widget-style-for-9439-1-1-0\" ><div\n\t\t\t\n\t\t\tclass=\"so-widget-sow-editor so-widget-sow-editor-base\"\n\t\t\t\n\t\t>\n<div class=\"siteorigin-widget-tinymce textwidget\">\n\t<h3>Ond\u0159ej Hole\u010dek<\/h3>\n<p>Managing Director, Sales Department<\/p>\n<p><a href=\"tel:00420734382216\">(+420) 734&nbsp;382&nbsp;216<\/a><br \/>\n<a href=\"mailto:holecek@ebf-cz.com\">holecek@ebf-cz.com<\/a><\/p>\n<\/div>\n<\/div><\/div><\/div><\/div><\/div><div id=\"pgc-9439-1-2\"  class=\"panel-grid-cell\" ><div class=\"clearfix panel-cell-style panel-cell-style-for-9439-1-2\" ><div id=\"panel-9439-1-2-0\" class=\"so-panel widget widget_sow-editor panel-first-child panel-last-child\" data-index=\"3\" ><div class=\"ebf-kontakt__text panel-widget-style panel-widget-style-for-9439-1-2-0\" ><div\n\t\t\t\n\t\t\tclass=\"so-widget-sow-editor so-widget-sow-editor-base\"\n\t\t\t\n\t\t>\n<div class=\"siteorigin-widget-tinymce textwidget\">\n\t<h3>Ji\u0159\u00ed Dvo\u0159\u00e1k<\/h3>\n<p>Managing Director, Chief Designer<\/p>\n<p><a href=\"tel:00420734382226\">(+420) 734&nbsp;382&nbsp;226<\/a><br \/>\n<a href=\"mailto:dvorak@ebf-cz.com\">dvorak@ebf-cz.com<\/a><\/p>\n<\/div>\n<\/div><\/div><\/div><\/div><\/div><\/div><\/div><div id=\"pg-9439-2\"  class=\"panel-grid panel-no-style\" ><div id=\"pgc-9439-2-0\"  class=\"panel-grid-cell\" ><div id=\"panel-9439-2-0-0\" class=\"so-panel widget widget_sow-editor panel-first-child panel-last-child\" data-index=\"4\" ><div\n\t\t\t\n\t\t\tclass=\"so-widget-sow-editor so-widget-sow-editor-base\"\n\t\t\t\n\t\t>\n<div class=\"siteorigin-widget-tinymce textwidget\">\n\t<hr>\n<p>&nbsp;<\/p>\n<\/div>\n<\/div><\/div><\/div><\/div><div id=\"pg-9439-3\"  class=\"panel-grid panel-has-style\" ><div class=\"page-kontakt panel-row-style panel-row-style-for-9439-3\" ><div id=\"pgc-9439-3-0\"  class=\"panel-grid-cell\" ><div class=\"clearfix panel-cell-style panel-cell-style-for-9439-3-0\" ><div id=\"panel-9439-3-0-0\" class=\"so-panel widget widget_sow-editor panel-first-child panel-last-child\" data-index=\"5\" ><div class=\"ebf-kontakt__text panel-widget-style panel-widget-style-for-9439-3-0-0\" ><div\n\t\t\t\n\t\t\tclass=\"so-widget-sow-editor so-widget-sow-editor-base\"\n\t\t\t\n\t\t>\n<div class=\"siteorigin-widget-tinymce textwidget\">\n\t<h3>Vladimir Svoboda<\/h3>\n<p>Supply, Purchase<\/p>\n<p><a href=\"tel:00420734616014\">(+420) 734&nbsp;616&nbsp;014<\/a><br \/>\n<a href=\"mailto:svoboda@ebf-cz.com\">svoboda@ebf-cz.com<\/a><\/p>\n<\/div>\n<\/div><\/div><\/div><\/div><\/div><div id=\"pgc-9439-3-1\"  class=\"panel-grid-cell\" ><div class=\"clearfix panel-cell-style panel-cell-style-for-9439-3-1\" ><div id=\"panel-9439-3-1-0\" class=\"so-panel widget widget_sow-editor panel-first-child panel-last-child\" data-index=\"6\" ><div class=\"ebf-kontakt__text panel-widget-style panel-widget-style-for-9439-3-1-0\" ><div\n\t\t\t\n\t\t\tclass=\"so-widget-sow-editor so-widget-sow-editor-base\"\n\t\t\t\n\t\t>\n<div class=\"siteorigin-widget-tinymce textwidget\">\n\t<h3>Ing. Jana Sk\u00e1celov\u00e1<\/h3>\n<p>Chief Accountant<\/p>\n<p><a href=\"tel:00420602753378\">(+420) 602&nbsp;753&nbsp;378<\/a><br \/>\n<a href=\"mailto:skacelova.slapanice@seznam.cz\">skacelova.slapanice@seznam.cz<\/a><\/p>\n<\/div>\n<\/div><\/div><\/div><\/div><\/div><div id=\"pgc-9439-3-2\"  class=\"panel-grid-cell\" ><div class=\"clearfix panel-cell-style panel-cell-style-for-9439-3-2\" ><div id=\"panel-9439-3-2-0\" class=\"so-panel widget widget_sow-editor panel-first-child panel-last-child\" data-index=\"7\" ><div class=\"ebf-kontakt__text panel-widget-style panel-widget-style-for-9439-3-2-0\" ><div\n\t\t\t\n\t\t\tclass=\"so-widget-sow-editor so-widget-sow-editor-base\"\n\t\t\t\n\t\t>\n<div class=\"siteorigin-widget-tinymce textwidget\">\n\t<h3>Bc. Pavl\u00e1 Z\u00e1nov\u00e1<\/h3>\n<p>Operational and payroll accountant<\/p>\n<p><a href=\"tel:00420734616031\">(+420) 734&nbsp;616&nbsp;031<\/a><br \/>\n<a href=\"mailto:zanova@ebf-cz.com\">zanova@ebf-cz.com<\/a><\/p>\n<\/div>\n<\/div><\/div><\/div><\/div><\/div><div id=\"pgc-9439-3-3\"  class=\"panel-grid-cell\" ><div class=\"clearfix panel-cell-style panel-cell-style-for-9439-3-3\" ><div id=\"panel-9439-3-3-0\" class=\"so-panel widget widget_sow-editor panel-first-child panel-last-child\" data-index=\"8\" ><div class=\"ebf-kontakt__text panel-widget-style panel-widget-style-for-9439-3-3-0\" ><div\n\t\t\t\n\t\t\tclass=\"so-widget-sow-editor so-widget-sow-editor-base\"\n\t\t\t\n\t\t>\n<div class=\"siteorigin-widget-tinymce textwidget\">\n\t<h3>Jakub Mezlik<\/h3>\n<p>Construction<\/p>\n<p><a href=\"tel:00420703143383\">(+420) 703&nbsp;143&nbsp;383<\/a><br \/>\n<a href=\"mailto:mezlik.jakub@ebf-cz.com\">mezlik.jakub@ebf-cz.com<\/a><\/p>\n<\/div>\n<\/div><\/div><\/div><\/div><\/div><\/div><\/div><div id=\"pg-9439-4\"  class=\"panel-grid panel-has-style\" ><div class=\"page-kontakt panel-row-style panel-row-style-for-9439-4\" ><div id=\"pgc-9439-4-0\"  class=\"panel-grid-cell\" ><div class=\"clearfix panel-cell-style panel-cell-style-for-9439-4-0\" ><div id=\"panel-9439-4-0-0\" class=\"so-panel widget widget_sow-editor panel-first-child panel-last-child\" data-index=\"9\" ><div class=\"ebf-kontakt__text panel-widget-style panel-widget-style-for-9439-4-0-0\" ><div\n\t\t\t\n\t\t\tclass=\"so-widget-sow-editor so-widget-sow-editor-base\"\n\t\t\t\n\t\t>\n<div class=\"siteorigin-widget-tinymce textwidget\">\n\t<h3>Dana Bor\u016fvkov\u00e1<\/h3>\n<p>Spare parts specialist<\/p>\n<p><a href=\"tel:+420733126672\">(+420) 733&nbsp;126&nbsp;672<\/a><br \/>\n<a href=\"mailto:infond@ebf-cz.com\">infond@ebf-cz.com<\/a><\/p>\n<\/div>\n<\/div><\/div><\/div><\/div><\/div><div id=\"pgc-9439-4-1\"  class=\"panel-grid-cell panel-grid-cell-empty\" ><div class=\"clearfix panel-cell-style panel-cell-style-for-9439-4-1\" ><\/div><\/div><div id=\"pgc-9439-4-2\"  class=\"panel-grid-cell panel-grid-cell-empty panel-grid-cell-mobile-last\" ><div class=\"clearfix panel-cell-style panel-cell-style-for-9439-4-2\" ><\/div><\/div><div id=\"pgc-9439-4-3\"  class=\"panel-grid-cell panel-grid-cell-empty\" ><div class=\"clearfix panel-cell-style panel-cell-style-for-9439-4-3\" ><\/div><\/div><\/div><\/div><div id=\"pg-9439-5\"  class=\"panel-grid panel-has-style\" ><div class=\"panel-row-style panel-row-style-for-9439-5\" ><div id=\"pgc-9439-5-0\"  class=\"panel-grid-cell\" ><div id=\"panel-9439-5-0-0\" class=\"so-panel widget widget_sow-headline panel-first-child panel-last-child\" data-index=\"10\" ><div\n\t\t\t\n\t\t\tclass=\"so-widget-sow-headline so-widget-sow-headline-default-4b1bdc66c7b1-9439\"\n\t\t\t\n\t\t><div class=\"sow-headline-container \">\n\t\t\t\t\t\t\t<h2 class=\"sow-headline\">\n\t\t\t\t\t\tHow to get to us?\t\t\t\t\t\t<\/h2>\n\t\t\t\t\t\t<\/div>\n<\/div><\/div><\/div><\/div><\/div><div id=\"pg-9439-6\"  class=\"panel-grid panel-has-style\" ><div id=\"google-maps\" class=\"panel-row-style panel-row-style-for-9439-6\" ><div id=\"pgc-9439-6-0\"  class=\"panel-grid-cell\" ><div id=\"panel-9439-6-0-0\" class=\"so-panel widget widget_sow-google-map panel-first-child panel-last-child\" data-index=\"11\" ><div\n\t\t\t\n\t\t\tclass=\"so-widget-sow-google-map so-widget-sow-google-map-default-cc770c0dc5a6-9439\"\n\t\t\t\n\t\t>\n<div class=\"sow-google-map-canvas\"\n\tstyle=\"\"\n\tid=\"map-canvas-2efed6f360a27d5138ce89d72d1926b1\"\n\tdata-options=\"{&quot;address&quot;:&quot;49.3802821, 15.972566700000016&quot;,&quot;zoom&quot;:12,&quot;mobileZoom&quot;:12,&quot;gestureHandling&quot;:&quot;cooperative&quot;,&quot;disableUi&quot;:false,&quot;markerIcon&quot;:false,&quot;markersDraggable&quot;:false,&quot;markerAtCenter&quot;:true,&quot;markerInfoDisplay&quot;:&quot;click&quot;,&quot;markerInfoMultiple&quot;:true,&quot;markerPositions&quot;:false,&quot;mapName&quot;:false,&quot;mapStyles&quot;:false,&quot;directions&quot;:&quot;&quot;,&quot;apiKey&quot;:&quot;AIzaSyD_61yekX0s6hZlF9UxlJbdl9RHX3I8sAs&quot;,&quot;breakpoint&quot;:780,&quot;id&quot;:&quot;69ecef&quot;}\"\n\tdata-fallback-image=\"{&quot;img&quot;:&quot;&quot;}\"><\/div>\n<\/div><\/div><\/div><div id=\"pgc-9439-6-1\"  class=\"panel-grid-cell\" ><div class=\"kontakt-green-info panel-cell-style panel-cell-style-for-9439-6-1\" ><div id=\"panel-9439-6-1-0\" class=\"so-panel widget widget_sow-editor panel-first-child panel-last-child\" data-index=\"12\" ><div class=\"white-link panel-widget-style panel-widget-style-for-9439-6-1-0\" ><div\n\t\t\t\n\t\t\tclass=\"so-widget-sow-editor so-widget-sow-editor-base\"\n\t\t\t\n\t\t>\n<div class=\"siteorigin-widget-tinymce textwidget\">\n\t<h3>Our premises<\/h3>\n<p>Lavi\u010dky 139<\/p>\n<p>594&nbsp;01 Velk\u00e9 Mezi\u0159\u00ed\u010d\u00ed<\/p>\n<p>The village of Lavi\u010dky is located about 6 km west of Velk\u00e9 Mezi\u0159\u00ed\u010d\u00ed.<\/p>\n<h3>How to reach us?<\/h3>\n<p>D1 motorway, 141. Exit, exit on 602 towards Jihlava, after about 500&nbsp;m turn right, take the motorway and you are in the village of Lavi\u010dky. The site of a former agricultural cooperative at the end of the village.<\/p>\n<p><a href=\"https:\/\/goo.gl\/maps\/tQxfs3JmbxuSqjXt9\" target=\"_blank\" rel=\"noopener\">View on map<\/a><\/p>\n<\/div>\n<\/div><\/div><\/div><\/div><\/div><\/div><\/div><div id=\"pg-9439-7\"  class=\"panel-grid panel-no-style\" ><div id=\"pgc-9439-7-0\"  class=\"panel-grid-cell\" ><div id=\"panel-9439-7-0-0\" class=\"so-panel widget widget_sow-image-grid panel-first-child panel-last-child\" data-index=\"13\" ><div\n\t\t\t\n\t\t\tclass=\"so-widget-sow-image-grid so-widget-sow-image-grid-default-56102dd4f792-9439\"\n\t\t\t\n\t\t>\t<div\n\t\tclass=\"sow-image-grid-wrapper\"\n\t\t\t\tdata-max-height=\"190\"\t>\n\t\t\t\t\t<div class=\"sow-image-grid-image\">\n\t\t\t\t\t\t\t\t\t\t\t\t<img loading=\"lazy\" decoding=\"async\" width=\"560\" height=\"381\" src=\"https:\/\/ebf-cz.com\/wp-content\/uploads\/2018\/07\/001.jpg\" class=\"sow-image-grid-image_html\" alt=\"\" title=\"\" srcset=\"https:\/\/ebf-cz.com\/wp-content\/uploads\/2018\/07\/001.jpg 560w, https:\/\/ebf-cz.com\/wp-content\/uploads\/2018\/07\/001-280x190.jpg 280w, https:\/\/ebf-cz.com\/wp-content\/uploads\/2018\/07\/001-150x102.jpg 150w, https:\/\/ebf-cz.com\/wp-content\/uploads\/2018\/07\/001-300x204.jpg 300w, https:\/\/ebf-cz.com\/wp-content\/uploads\/2018\/07\/001-330x225.jpg 330w, https:\/\/ebf-cz.com\/wp-content\/uploads\/2018\/07\/001-120x82.jpg 120w\" sizes=\"auto, (max-width: 560px) 100vw, 560px\" \/>\t\t\t\t\t\t\t\t\t\t\t<\/div>\n\t\t\t\t\t<div class=\"sow-image-grid-image\">\n\t\t\t\t\t\t\t\t\t\t\t\t<img loading=\"lazy\" decoding=\"async\" width=\"560\" height=\"381\" src=\"https:\/\/ebf-cz.com\/wp-content\/uploads\/2018\/07\/002.jpg\" class=\"sow-image-grid-image_html\" alt=\"\" title=\"\" srcset=\"https:\/\/ebf-cz.com\/wp-content\/uploads\/2018\/07\/002.jpg 560w, https:\/\/ebf-cz.com\/wp-content\/uploads\/2018\/07\/002-280x190.jpg 280w, https:\/\/ebf-cz.com\/wp-content\/uploads\/2018\/07\/002-150x102.jpg 150w, https:\/\/ebf-cz.com\/wp-content\/uploads\/2018\/07\/002-300x204.jpg 300w, https:\/\/ebf-cz.com\/wp-content\/uploads\/2018\/07\/002-330x225.jpg 330w, https:\/\/ebf-cz.com\/wp-content\/uploads\/2018\/07\/002-120x82.jpg 120w\" sizes=\"auto, (max-width: 560px) 100vw, 560px\" \/>\t\t\t\t\t\t\t\t\t\t\t<\/div>\n\t\t\t\t\t<div class=\"sow-image-grid-image\">\n\t\t\t\t\t\t\t\t\t\t\t\t<img loading=\"lazy\" decoding=\"async\" width=\"560\" height=\"381\" src=\"https:\/\/ebf-cz.com\/wp-content\/uploads\/2018\/07\/001.jpg\" class=\"sow-image-grid-image_html\" alt=\"\" title=\"\" srcset=\"https:\/\/ebf-cz.com\/wp-content\/uploads\/2018\/07\/001.jpg 560w, https:\/\/ebf-cz.com\/wp-content\/uploads\/2018\/07\/001-280x190.jpg 280w, https:\/\/ebf-cz.com\/wp-content\/uploads\/2018\/07\/001-150x102.jpg 150w, https:\/\/ebf-cz.com\/wp-content\/uploads\/2018\/07\/001-300x204.jpg 300w, https:\/\/ebf-cz.com\/wp-content\/uploads\/2018\/07\/001-330x225.jpg 330w, https:\/\/ebf-cz.com\/wp-content\/uploads\/2018\/07\/001-120x82.jpg 120w\" sizes=\"auto, (max-width: 560px) 100vw, 560px\" \/>\t\t\t\t\t\t\t\t\t\t\t<\/div>\n\t\t\t<\/div>\n<\/div><\/div><\/div><\/div><div id=\"pg-9439-8\"  class=\"panel-grid panel-has-style\" ><div id=\"contact-form\" class=\"panel-row-style panel-row-style-for-9439-8\" ><div id=\"pgc-9439-8-0\"  class=\"panel-grid-cell\" ><div id=\"panel-9439-8-0-0\" class=\"so-panel widget widget_sow-headline panel-first-child\" data-index=\"14\" ><div\n\t\t\t\n\t\t\tclass=\"so-widget-sow-headline so-widget-sow-headline-default-c3d9c6742288-9439\"\n\t\t\t\n\t\t><div class=\"sow-headline-container \">\n\t\t\t\t\t\t\t<h2 class=\"sow-headline\">\n\t\t\t\t\t\tNon-binding inquiry\t\t\t\t\t\t<\/h2>\n\t\t\t\t\t\t<\/div>\n<\/div><\/div><div id=\"panel-9439-8-0-1\" class=\"so-panel widget widget_sow-editor\" data-index=\"15\" ><div class=\"contact-description panel-widget-style panel-widget-style-for-9439-8-0-1\" ><div\n\t\t\t\n\t\t\tclass=\"so-widget-sow-editor so-widget-sow-editor-base\"\n\t\t\t\n\t\t>\n<div class=\"siteorigin-widget-tinymce textwidget\">\n\t<p style=\"text-align: center;\">Are you thinking about purchasing additional equipment?<br \/>\nEnter the basic requirements. We will get back to you within 48 hours.<\/p>\n<\/div>\n<\/div><\/div><\/div><div id=\"panel-9439-8-0-2\" class=\"widget_text so-panel widget widget_custom_html panel-last-child\" data-index=\"16\" ><div class=\"textwidget custom-html-widget\">\n<div class=\"wpcf7 no-js\" id=\"wpcf7-f13556-o1\" lang=\"en-US\" dir=\"ltr\" data-wpcf7-id=\"13556\">\n<div class=\"screen-reader-response\"><p role=\"status\" aria-live=\"polite\" aria-atomic=\"true\"><\/p> <ul><\/ul><\/div>\n<form action=\"\/en\/wp-json\/wp\/v2\/pages\/9439#wpcf7-f13556-o1\" method=\"post\" class=\"wpcf7-form init d629ea5edee8 cmatic-conn cmatic-aud-1 cmatic-mapd0-0 cmatic-v0973 cmatic-sent-0 cmatic-total-119\" aria-label=\"Contact form\" novalidate=\"novalidate\" data-status=\"init\">\n<fieldset class=\"hidden-fields-container\"><input type=\"hidden\" name=\"_wpcf7\" value=\"13556\" \/><input type=\"hidden\" name=\"_wpcf7_version\" value=\"6.1.4\" \/><input type=\"hidden\" name=\"_wpcf7_locale\" value=\"en_US\" \/><input type=\"hidden\" name=\"_wpcf7_unit_tag\" value=\"wpcf7-f13556-o1\" \/><input type=\"hidden\" name=\"_wpcf7_container_post\" value=\"0\" \/><input type=\"hidden\" name=\"_wpcf7_posted_data_hash\" value=\"\" \/>\n<\/fieldset>\n<span id=\"wpcf7-69ecef6b61bc8-wrapper\" class=\"wpcf7-form-control-wrap confirmation-email-wrap\" ><label for=\"wpcf7-69ecef6b61bc8-field\" class=\"hp-message\">Please leave this field empty.<\/label><input id=\"wpcf7-69ecef6b61bc8-field\"  class=\"wpcf7-form-control wpcf7-text\" type=\"text\" name=\"confirmation-email\" value=\"\" size=\"40\" tabindex=\"-1\" autocomplete=\"off\" \/><\/span>\n<div class=\"poptavka-select first-row\">\n    <ul>\n        <li><h4>Name:  <\/h4><label><span class=\"wpcf7-form-control-wrap\" data-name=\"your-name\"><input size=\"40\" maxlength=\"400\" class=\"wpcf7-form-control wpcf7-text\" aria-invalid=\"false\" value=\"\" type=\"text\" name=\"your-name\" \/><\/span> <\/label><\/li>\n        <li><h4>Company:  <\/h4><label><span class=\"wpcf7-form-control-wrap\" data-name=\"your-company\"><input size=\"40\" maxlength=\"400\" class=\"wpcf7-form-control wpcf7-text\" aria-invalid=\"false\" value=\"\" type=\"text\" name=\"your-company\" \/><\/span> <\/label><\/li>\n        <li><h4>E-mail:*  <\/h4><label><span class=\"wpcf7-form-control-wrap\" data-name=\"your-email\"><input size=\"40\" maxlength=\"400\" class=\"wpcf7-form-control wpcf7-email wpcf7-validates-as-required wpcf7-text wpcf7-validates-as-email\" aria-required=\"true\" aria-invalid=\"false\" value=\"\" type=\"email\" name=\"your-email\" \/><\/span> <\/label><\/li>\n    <\/ul>\n<\/div>\n\n\n\n<div class=\"poptavka-select\">\n    <ul>\n        <li><h4>Phone:  <\/h4><label><span class=\"wpcf7-form-control-wrap\" data-name=\"your-phone\"><input size=\"40\" maxlength=\"400\" class=\"wpcf7-form-control wpcf7-tel wpcf7-text wpcf7-validates-as-tel\" aria-invalid=\"false\" value=\"\" type=\"tel\" name=\"your-phone\" \/><\/span> <\/label><\/li>\n        <li><h4>Industry:  <\/h4><label><span class=\"wpcf7-form-control-wrap\" data-name=\"sel-odvetvi\"><select class=\"wpcf7-form-control wpcf7-select\" aria-invalid=\"false\" name=\"sel-odvetvi\"><option value=\"Uncategorized\">Uncategorized<\/option><option value=\"Agriculture\">Agriculture<\/option><option value=\"Construction\">Construction<\/option><option value=\"Forestry\">Forestry<\/option><option value=\"Communal services\">Communal services<\/option><option value=\"Demolition\">Demolition<\/option><option value=\"Accessories\">Accessories<\/option><\/select><\/span> <\/label><\/li>\n        <li><h4>Machine type:  <\/h4><label><span class=\"wpcf7-form-control-wrap\" data-name=\"sel-stroje\"><select class=\"wpcf7-form-control wpcf7-select\" aria-invalid=\"false\" name=\"sel-stroje\"><option value=\"All machines\">All machines<\/option><option value=\"Dredger\">Dredger<\/option><option value=\"Loader\">Loader<\/option><option value=\"Excavator\">Excavator<\/option><option value=\"Tractor\">Tractor<\/option><\/select><\/span> <\/label><\/li>        \n    <\/ul>\n<\/div>\n\n<div class=\"poptavka-textarea\">\n    <label>  What other requirements should an add-on device meet?\n        <span class=\"wpcf7-form-control-wrap\" data-name=\"your-message\"><textarea cols=\"40\" rows=\"10\" maxlength=\"2000\" class=\"wpcf7-form-control wpcf7-textarea\" aria-invalid=\"false\" name=\"your-message\"><\/textarea><\/span> <\/label>\n<\/div>\n<div class=\"poptavka-submit\">\n    <input class=\"wpcf7-form-control wpcf7-submit has-spinner btn butt-sub-green\" type=\"submit\" value=\"Submit Inquiry\" \/>\n    <div class=\"link-osobni-udaje link-dark\"><a href=\"\/consent-to-the-processing-of-personal-data\" target=\"_blank\">Personal data protection<\/a><\/div>\n<\/div><div class=\"wpcf7-response-output\" aria-hidden=\"true\"><\/div>\n<\/form>\n<\/div>\n<\/div><\/div><\/div><\/div><\/div><div id=\"pg-9439-9\"  class=\"panel-grid panel-has-style\" ><div id=\"ucetni-udaje\" class=\"panel-row-style panel-row-style-for-9439-9\" ><div id=\"pgc-9439-9-0\"  class=\"panel-grid-cell\" ><div id=\"panel-9439-9-0-0\" class=\"so-panel widget widget_sow-headline panel-first-child panel-last-child\" data-index=\"17\" ><div\n\t\t\t\n\t\t\tclass=\"so-widget-sow-headline so-widget-sow-headline-default-36f19b50a4bd-9439\"\n\t\t\t\n\t\t><div class=\"sow-headline-container \">\n\t\t\t\t\t\t\t<h2 class=\"sow-headline\">\n\t\t\t\t\t\tAccounting Information\t\t\t\t\t\t<\/h2>\n\t\t\t\t\t\t<\/div>\n<\/div><\/div><\/div><\/div><\/div><div id=\"pg-9439-10\"  class=\"panel-grid panel-no-style\" ><div id=\"pgc-9439-10-0\"  class=\"panel-grid-cell\" ><div id=\"panel-9439-10-0-0\" class=\"so-panel widget widget_sow-headline panel-first-child panel-last-child\" data-index=\"18\" ><div\n\t\t\t\n\t\t\tclass=\"so-widget-sow-headline so-widget-sow-headline-default-e22514b6ed5d-9439\"\n\t\t\t\n\t\t><div class=\"sow-headline-container \">\n\t\t\t\t\t\t\t<h3 class=\"sow-headline\">\n\t\t\t\t\t\tHeadquarters\t\t\t\t\t\t<\/h3>\n\t\t\t\t\t\t<\/div>\n<\/div><\/div><\/div><\/div><div id=\"pg-9439-11\"  class=\"panel-grid panel-no-style\" ><div id=\"pgc-9439-11-0\"  class=\"panel-grid-cell\" ><div id=\"panel-9439-11-0-0\" class=\"so-panel widget widget_sow-editor panel-first-child panel-last-child\" data-index=\"19\" ><div\n\t\t\t\n\t\t\tclass=\"so-widget-sow-editor so-widget-sow-editor-base\"\n\t\t\t\n\t\t>\n<div class=\"siteorigin-widget-tinymce textwidget\">\n\t<div class=\"dvt1\">\n<div class=\"dvr1\">\n<div class=\"dvc1\">Slavkov u Brna, Slov\u00e1kova 387, ZIP 68401<\/div>\n<\/div>\n<\/div>\n<p>Company registered in the Commercial Register<br \/>\nfiled by the Regional Court in Brno, section C,<br \/>\ninsert 6600<\/p>\n<\/div>\n<\/div><\/div><\/div><div id=\"pgc-9439-11-1\"  class=\"panel-grid-cell\" ><div id=\"panel-9439-11-1-0\" class=\"so-panel widget widget_sow-editor panel-first-child panel-last-child\" data-index=\"20\" ><div\n\t\t\t\n\t\t\tclass=\"so-widget-sow-editor so-widget-sow-editor-base\"\n\t\t\t\n\t\t>\n<div class=\"siteorigin-widget-tinymce textwidget\">\n\t<p>ID: 29210798<br \/>\nVAT: CZ29210798<\/p>\n<\/div>\n<\/div><\/div><\/div><\/div><\/div>","protected":false},"excerpt":{"rendered":"<p>Pavel Mezlik Managing Director, Sales Department (+420) 734&nbsp;382&nbsp;221 mezlik@ebf-cz.com Ond\u0159ej Hole\u010dek Managing Director, Sales Department (+420) 734&nbsp;382&nbsp;216 holecek@ebf-cz.com Ji\u0159\u00ed Dvo\u0159\u00e1k Managing Director, Chief Designer (+420) 734&nbsp;382&nbsp;226 dvorak@ebf-cz.com<\/p>\n","protected":false},"author":1,"featured_media":0,"parent":0,"menu_order":0,"comment_status":"closed","ping_status":"closed","template":"page-kontakt.php","meta":{"_acf_changed":false,"footnotes":""},"class_list":["post-9439","page","type-page","status-publish","hentry"],"acf":[],"_links":{"self":[{"href":"https:\/\/ebf-cz.com\/en\/wp-json\/wp\/v2\/pages\/9439","targetHints":{"allow":["GET"]}}],"collection":[{"href":"https:\/\/ebf-cz.com\/en\/wp-json\/wp\/v2\/pages"}],"about":[{"href":"https:\/\/ebf-cz.com\/en\/wp-json\/wp\/v2\/types\/page"}],"author":[{"embeddable":true,"href":"https:\/\/ebf-cz.com\/en\/wp-json\/wp\/v2\/users\/1"}],"replies":[{"embeddable":true,"href":"https:\/\/ebf-cz.com\/en\/wp-json\/wp\/v2\/comments?post=9439"}],"version-history":[{"count":1,"href":"https:\/\/ebf-cz.com\/en\/wp-json\/wp\/v2\/pages\/9439\/revisions"}],"predecessor-version":[{"id":9443,"href":"https:\/\/ebf-cz.com\/en\/wp-json\/wp\/v2\/pages\/9439\/revisions\/9443"}],"wp:attachment":[{"href":"https:\/\/ebf-cz.com\/en\/wp-json\/wp\/v2\/media?parent=9439"}],"curies":[{"name":"wp","href":"https:\/\/api.w.org\/{rel}","templated":true}]}}